{"id":94,"date":"2025-11-17T17:52:34","date_gmt":"2025-11-17T17:52:34","guid":{"rendered":"https:\/\/serbrip.cl\/?page_id=94"},"modified":"2025-12-17T12:18:05","modified_gmt":"2025-12-17T12:18:05","slug":"https-serbrip-cl-index-php-servicios-serbrip","status":"publish","type":"page","link":"https:\/\/serbrip.cl\/index.php\/https-serbrip-cl-index-php-servicios-serbrip\/","title":{"rendered":"Servicios"},"content":{"rendered":"\n<p><strong>CONSTRUCCI\u00d3N - MANTENIMIENTO Y OBRAS CIVILES, EN DISTRIBUCI\u00d3N Y TRANSMISI\u00d3N<\/strong><\/p>\n\n\n\n<figure class=\"wp-block-image size-large is-resized\"><img loading=\"lazy\" decoding=\"async\" width=\"740\" height=\"986\" src=\"https:\/\/serbrip.cl\/wp-content\/uploads\/2025\/12\/Construccion-mantenimiento-edited.jpeg\" alt=\"Construccion y mantenimiento\" class=\"wp-image-533\" style=\"aspect-ratio:0.7503045066991474;width:485px;height:auto\" srcset=\"https:\/\/serbrip.cl\/wp-content\/uploads\/2025\/12\/Construccion-mantenimiento-edited.jpeg 740w, https:\/\/serbrip.cl\/wp-content\/uploads\/2025\/12\/Construccion-mantenimiento-edited-225x300.jpeg 225w\" sizes=\"auto, (max-width: 740px) 100vw, 740px\" \/><\/figure>\n\n\n\n<p><\/p>\n\n\n\n<ul class=\"wp-block-list\">\n<li>Dise\u00f1o y construcci\u00f3n de l\u00edneas a\u00e9reas en baja, media y alta tensi\u00f3n ( BT, MT, AT)<\/li>\n<\/ul>\n\n\n\n<ul class=\"wp-block-list\">\n<li>Mantenimiento de redes BT, MT, AT<\/li>\n<\/ul>\n\n\n\n<ul class=\"wp-block-list\">\n<li>Servicios de emergencia en distribuci\u00f3n y transmisi\u00f3n (Dx y Tx)<\/li>\n<\/ul>\n\n\n\n<ul class=\"wp-block-list\">\n<li>Construcci\u00f3n de redes subterr\u00e1neas y obras civiles<\/li>\n<\/ul>\n\n\n\n<ul class=\"wp-block-list\">\n<li>Reemplazo y refuerzos de conductores BT, MT, AT<\/li>\n<\/ul>\n\n\n\n<ul class=\"wp-block-list\">\n<li>Mantenimiento de equipos primarios y secundarios en SSEE de Poder<\/li>\n<\/ul>\n\n\n\n<ul class=\"wp-block-list\">\n<li>Inspecci\u00f3n pedestre y con drones en redes, postes y estructuras en BT, MT y AT<\/li>\n<\/ul>\n\n\n\n<ul class=\"wp-block-list\">\n<li>Mantenimiento y construcci\u00f3n de redes con t\u00e9cnica de l\u00ednea energizada<\/li>\n<\/ul>\n\n\n\n<div style=\"height:45px\" aria-hidden=\"true\" class=\"wp-block-spacer\"><\/div>\n\n\n\n<p><\/p>\n\n\n\n<p><\/p>\n\n\n\n<hr class=\"wp-block-separator has-alpha-channel-opacity\"\/>\n\n\n\n<p><strong>PROYECTOS DE INGENIER\u00cdA Y GENERACI\u00d3N RENOVABLE<\/strong><\/p>\n\n\n\n<figure class=\"wp-block-image size-full is-resized\"><img loading=\"lazy\" decoding=\"async\" width=\"930\" height=\"538\" src=\"https:\/\/serbrip.cl\/wp-content\/uploads\/2025\/11\/Proyectos-de-energia.png\" alt=\"\" class=\"wp-image-303\" style=\"aspect-ratio:1.7286265000310888;width:643px;height:auto\" srcset=\"https:\/\/serbrip.cl\/wp-content\/uploads\/2025\/11\/Proyectos-de-energia.png 930w, https:\/\/serbrip.cl\/wp-content\/uploads\/2025\/11\/Proyectos-de-energia-300x174.png 300w, https:\/\/serbrip.cl\/wp-content\/uploads\/2025\/11\/Proyectos-de-energia-768x444.png 768w\" sizes=\"auto, (max-width: 930px) 100vw, 930px\" \/><\/figure>\n\n\n\n<p><\/p>\n\n\n\n<ul class=\"wp-block-list\">\n<li>Construcci\u00f3n de l\u00edneas de evacuaci\u00f3n en media tensi\u00f3n para parques fotovolt\u00e1icos<\/li>\n<\/ul>\n\n\n\n<ul class=\"wp-block-list\">\n<li>Construcci\u00f3n de pa\u00f1os de MT y AT en SSEE de poder<\/li>\n<\/ul>\n\n\n\n<ul class=\"wp-block-list\">\n<li>Trabajos de construcci\u00f3n y mantenimiento de redes en rubro minero<\/li>\n<\/ul>\n\n\n\n<ul class=\"wp-block-list\">\n<li>Soluciones el\u00e9ctricas para todo tipo de instalaci\u00f3n industrial<\/li>\n<\/ul>\n\n\n\n<div style=\"height:45px\" aria-hidden=\"true\" class=\"wp-block-spacer\"><\/div>\n\n\n\n<p><\/p>\n\n\n\n<hr class=\"wp-block-separator has-alpha-channel-opacity\"\/>\n\n\n\n<p><strong>BRIGADAS MULTIPROP\u00d3SITO (SAE)<\/strong><\/p>\n\n\n\n<figure class=\"wp-block-image size-large is-resized\"><img loading=\"lazy\" decoding=\"async\" width=\"745\" height=\"993\" src=\"https:\/\/serbrip.cl\/wp-content\/uploads\/2025\/12\/Brigadas-edited-1.jpeg\" alt=\"\" class=\"wp-image-585\" style=\"aspect-ratio:0.7504082486470437;width:672px;height:auto\" srcset=\"https:\/\/serbrip.cl\/wp-content\/uploads\/2025\/12\/Brigadas-edited-1.jpeg 745w, https:\/\/serbrip.cl\/wp-content\/uploads\/2025\/12\/Brigadas-edited-1-225x300.jpeg 225w\" sizes=\"auto, (max-width: 745px) 100vw, 745px\" \/><\/figure>\n\n\n\n<p><\/p>\n\n\n\n<ul class=\"wp-block-list\">\n<li>Servicio de Atenci\u00f3n de Emergencias (SAE), 24 horas, los 365 d\u00edas del a\u00f1o<\/li>\n<\/ul>\n\n\n\n<ul class=\"wp-block-list\">\n<li>Atenci\u00f3n en falla de alimentadores<\/li>\n<\/ul>\n\n\n\n<ul class=\"wp-block-list\">\n<li>Atenci\u00f3n en falla de subestaci\u00f3n de distribuci\u00f3n<\/li>\n<\/ul>\n\n\n\n<ul class=\"wp-block-list\">\n<li>Atenci\u00f3n de domicilios sin energ\u00eda<\/li>\n<\/ul>\n\n\n\n<ul class=\"wp-block-list\">\n<li>Operaci\u00f3n y maniobras en media tensi\u00f3n<\/li>\n<\/ul>\n\n\n\n<ul class=\"wp-block-list\">\n<li>Equilibrio de cargas<\/li>\n<\/ul>\n\n\n\n<ul class=\"wp-block-list\">\n<li>Operaci\u00f3n e inspecci\u00f3n de equipos reconectadores<\/li>\n<\/ul>\n\n\n\n<ul class=\"wp-block-list\">\n<li>Verificaci\u00f3n de par\u00e1metros el\u00e9ctricos, entre otros.<\/li>\n<\/ul>\n\n\n\n<div style=\"height:45px\" aria-hidden=\"true\" class=\"wp-block-spacer\"><\/div>\n\n\n\n<hr class=\"wp-block-separator has-alpha-channel-opacity\"\/>\n\n\n\n<p><strong>SERVICIOS DE PODA<\/strong><\/p>\n\n\n\n<figure class=\"wp-block-image size-large\"><img loading=\"lazy\" decoding=\"async\" width=\"500\" height=\"890\" src=\"https:\/\/serbrip.cl\/wp-content\/uploads\/2025\/12\/Servicios-poda-edited.jpeg\" alt=\"\" class=\"wp-image-536\" srcset=\"https:\/\/serbrip.cl\/wp-content\/uploads\/2025\/12\/Servicios-poda-edited.jpeg 500w, https:\/\/serbrip.cl\/wp-content\/uploads\/2025\/12\/Servicios-poda-edited-169x300.jpeg 169w\" sizes=\"auto, (max-width: 500px) 100vw, 500px\" \/><\/figure>\n\n\n\n<p><\/p>\n\n\n\n<ul class=\"wp-block-list\">\n<li>Roce, poda y tala con desconexi\u00f3n de energ\u00eda<\/li>\n<\/ul>\n\n\n\n<ul class=\"wp-block-list\">\n<li>Roce, poda y tala con l\u00ednea energizada<\/li>\n<\/ul>\n\n\n\n<ul class=\"wp-block-list\">\n<li>Limpieza y despeje de masa arb\u00f3rea y vegetaci\u00f3n en subestaciones de poder y servidumbres de trazado de l\u00ednea - franjas de seguridad<\/li>\n<\/ul>\n\n\n\n<ul class=\"wp-block-list\">\n<li>Atenci\u00f3n de emergencias de poda<\/li>\n<\/ul>\n\n\n\n<p><\/p>\n","protected":false},"excerpt":{"rendered":"<p>CONSTRUCCI\u00d3N - MANTENIMIENTO Y OBRAS CIVILES, EN DISTRIBUCI\u00d3N Y TRANSMISI\u00d3N PROYECTOS DE INGENIER\u00cdA Y GENERACI\u00d3N RENOVABLE BRIGADAS MULTIPROP\u00d3SITO (SAE) SERVICIOS DE PODA<\/p>\n","protected":false},"author":1,"featured_media":0,"parent":0,"menu_order":0,"comment_status":"closed","ping_status":"closed","template":"","meta":{"vkexunit_cta_each_option":"","footnotes":""},"class_list":["post-94","page","type-page","status-publish","hentry"],"yoast_head":"<!-- This site is optimized with the Yoast SEO plugin v27.4 - https:\/\/yoast.com\/product\/yoast-seo-wordpress\/ -->\n<title>Servicios - Serbrip<\/title>\n<meta name=\"robots\" content=\"index, follow, max-snippet:-1, max-image-preview:large, max-video-preview:-1\" \/>\n<link rel=\"canonical\" href=\"https:\/\/serbrip.cl\/index.php\/https-serbrip-cl-index-php-servicios-serbrip\/\" \/>\n<meta property=\"og:locale\" content=\"es_ES\" \/>\n<meta property=\"og:type\" content=\"article\" \/>\n<meta property=\"og:title\" content=\"Servicios - Serbrip\" \/>\n<meta property=\"og:description\" content=\"CONSTRUCCI\u00d3N - MANTENIMIENTO Y OBRAS CIVILES, EN DISTRIBUCI\u00d3N Y TRANSMISI\u00d3N PROYECTOS DE INGENIER\u00cdA Y GENERACI\u00d3N RENOVABLE BRIGADAS MULTIPROP\u00d3SITO (SAE) SERVICIOS DE PODA\" \/>\n<meta property=\"og:url\" content=\"https:\/\/serbrip.cl\/index.php\/https-serbrip-cl-index-php-servicios-serbrip\/\" \/>\n<meta property=\"og:site_name\" content=\"Serbrip\" \/>\n<meta property=\"article:modified_time\" content=\"2025-12-17T12:18:05+00:00\" \/>\n<meta property=\"og:image\" content=\"https:\/\/serbrip.cl\/wp-content\/uploads\/2025\/12\/Construccion-mantenimiento-edited.jpeg\" \/>\n\t<meta property=\"og:image:width\" content=\"740\" \/>\n\t<meta property=\"og:image:height\" content=\"986\" \/>\n\t<meta property=\"og:image:type\" content=\"image\/jpeg\" \/>\n<meta name=\"twitter:card\" content=\"summary_large_image\" \/>\n<meta name=\"twitter:label1\" content=\"Tiempo de lectura\" \/>\n\t<meta name=\"twitter:data1\" content=\"2 minutos\" \/>\n<script type=\"application\/ld+json\" class=\"yoast-schema-graph\">{\"@context\":\"https:\\\/\\\/schema.org\",\"@graph\":[{\"@type\":\"WebPage\",\"@id\":\"https:\\\/\\\/serbrip.cl\\\/index.php\\\/https-serbrip-cl-index-php-servicios-serbrip\\\/\",\"url\":\"https:\\\/\\\/serbrip.cl\\\/index.php\\\/https-serbrip-cl-index-php-servicios-serbrip\\\/\",\"name\":\"Servicios - Serbrip\",\"isPartOf\":{\"@id\":\"https:\\\/\\\/serbrip.cl\\\/#website\"},\"primaryImageOfPage\":{\"@id\":\"https:\\\/\\\/serbrip.cl\\\/index.php\\\/https-serbrip-cl-index-php-servicios-serbrip\\\/#primaryimage\"},\"image\":{\"@id\":\"https:\\\/\\\/serbrip.cl\\\/index.php\\\/https-serbrip-cl-index-php-servicios-serbrip\\\/#primaryimage\"},\"thumbnailUrl\":\"https:\\\/\\\/serbrip.cl\\\/wp-content\\\/uploads\\\/2025\\\/12\\\/Construccion-mantenimiento-edited.jpeg\",\"datePublished\":\"2025-11-17T17:52:34+00:00\",\"dateModified\":\"2025-12-17T12:18:05+00:00\",\"breadcrumb\":{\"@id\":\"https:\\\/\\\/serbrip.cl\\\/index.php\\\/https-serbrip-cl-index-php-servicios-serbrip\\\/#breadcrumb\"},\"inLanguage\":\"es\",\"potentialAction\":[{\"@type\":\"ReadAction\",\"target\":[\"https:\\\/\\\/serbrip.cl\\\/index.php\\\/https-serbrip-cl-index-php-servicios-serbrip\\\/\"]}]},{\"@type\":\"ImageObject\",\"inLanguage\":\"es\",\"@id\":\"https:\\\/\\\/serbrip.cl\\\/index.php\\\/https-serbrip-cl-index-php-servicios-serbrip\\\/#primaryimage\",\"url\":\"https:\\\/\\\/serbrip.cl\\\/wp-content\\\/uploads\\\/2025\\\/12\\\/Construccion-mantenimiento-edited.jpeg\",\"contentUrl\":\"https:\\\/\\\/serbrip.cl\\\/wp-content\\\/uploads\\\/2025\\\/12\\\/Construccion-mantenimiento-edited.jpeg\",\"width\":740,\"height\":986,\"caption\":\"Construccion y mantenimiento\"},{\"@type\":\"BreadcrumbList\",\"@id\":\"https:\\\/\\\/serbrip.cl\\\/index.php\\\/https-serbrip-cl-index-php-servicios-serbrip\\\/#breadcrumb\",\"itemListElement\":[{\"@type\":\"ListItem\",\"position\":1,\"name\":\"Portada\",\"item\":\"https:\\\/\\\/serbrip.cl\\\/\"},{\"@type\":\"ListItem\",\"position\":2,\"name\":\"Servicios\"}]},{\"@type\":\"WebSite\",\"@id\":\"https:\\\/\\\/serbrip.cl\\\/#website\",\"url\":\"https:\\\/\\\/serbrip.cl\\\/\",\"name\":\"Serbrip\",\"description\":\"\",\"potentialAction\":[{\"@type\":\"SearchAction\",\"target\":{\"@type\":\"EntryPoint\",\"urlTemplate\":\"https:\\\/\\\/serbrip.cl\\\/?s={search_term_string}\"},\"query-input\":{\"@type\":\"PropertyValueSpecification\",\"valueRequired\":true,\"valueName\":\"search_term_string\"}}],\"inLanguage\":\"es\"}]}<\/script>\n<!-- \/ Yoast SEO plugin. -->","yoast_head_json":{"title":"Servicios - Serbrip","robots":{"index":"index","follow":"follow","max-snippet":"max-snippet:-1","max-image-preview":"max-image-preview:large","max-video-preview":"max-video-preview:-1"},"canonical":"https:\/\/serbrip.cl\/index.php\/https-serbrip-cl-index-php-servicios-serbrip\/","og_locale":"es_ES","og_type":"article","og_title":"Servicios - Serbrip","og_description":"CONSTRUCCI\u00d3N - MANTENIMIENTO Y OBRAS CIVILES, EN DISTRIBUCI\u00d3N Y TRANSMISI\u00d3N PROYECTOS DE INGENIER\u00cdA Y GENERACI\u00d3N RENOVABLE BRIGADAS MULTIPROP\u00d3SITO (SAE) SERVICIOS DE PODA","og_url":"https:\/\/serbrip.cl\/index.php\/https-serbrip-cl-index-php-servicios-serbrip\/","og_site_name":"Serbrip","article_modified_time":"2025-12-17T12:18:05+00:00","og_image":[{"width":740,"height":986,"url":"https:\/\/serbrip.cl\/wp-content\/uploads\/2025\/12\/Construccion-mantenimiento-edited.jpeg","type":"image\/jpeg"}],"twitter_card":"summary_large_image","twitter_misc":{"Tiempo de lectura":"2 minutos"},"schema":{"@context":"https:\/\/schema.org","@graph":[{"@type":"WebPage","@id":"https:\/\/serbrip.cl\/index.php\/https-serbrip-cl-index-php-servicios-serbrip\/","url":"https:\/\/serbrip.cl\/index.php\/https-serbrip-cl-index-php-servicios-serbrip\/","name":"Servicios - Serbrip","isPartOf":{"@id":"https:\/\/serbrip.cl\/#website"},"primaryImageOfPage":{"@id":"https:\/\/serbrip.cl\/index.php\/https-serbrip-cl-index-php-servicios-serbrip\/#primaryimage"},"image":{"@id":"https:\/\/serbrip.cl\/index.php\/https-serbrip-cl-index-php-servicios-serbrip\/#primaryimage"},"thumbnailUrl":"https:\/\/serbrip.cl\/wp-content\/uploads\/2025\/12\/Construccion-mantenimiento-edited.jpeg","datePublished":"2025-11-17T17:52:34+00:00","dateModified":"2025-12-17T12:18:05+00:00","breadcrumb":{"@id":"https:\/\/serbrip.cl\/index.php\/https-serbrip-cl-index-php-servicios-serbrip\/#breadcrumb"},"inLanguage":"es","potentialAction":[{"@type":"ReadAction","target":["https:\/\/serbrip.cl\/index.php\/https-serbrip-cl-index-php-servicios-serbrip\/"]}]},{"@type":"ImageObject","inLanguage":"es","@id":"https:\/\/serbrip.cl\/index.php\/https-serbrip-cl-index-php-servicios-serbrip\/#primaryimage","url":"https:\/\/serbrip.cl\/wp-content\/uploads\/2025\/12\/Construccion-mantenimiento-edited.jpeg","contentUrl":"https:\/\/serbrip.cl\/wp-content\/uploads\/2025\/12\/Construccion-mantenimiento-edited.jpeg","width":740,"height":986,"caption":"Construccion y mantenimiento"},{"@type":"BreadcrumbList","@id":"https:\/\/serbrip.cl\/index.php\/https-serbrip-cl-index-php-servicios-serbrip\/#breadcrumb","itemListElement":[{"@type":"ListItem","position":1,"name":"Portada","item":"https:\/\/serbrip.cl\/"},{"@type":"ListItem","position":2,"name":"Servicios"}]},{"@type":"WebSite","@id":"https:\/\/serbrip.cl\/#website","url":"https:\/\/serbrip.cl\/","name":"Serbrip","description":"","potentialAction":[{"@type":"SearchAction","target":{"@type":"EntryPoint","urlTemplate":"https:\/\/serbrip.cl\/?s={search_term_string}"},"query-input":{"@type":"PropertyValueSpecification","valueRequired":true,"valueName":"search_term_string"}}],"inLanguage":"es"}]}},"_links":{"self":[{"href":"https:\/\/serbrip.cl\/index.php\/wp-json\/wp\/v2\/pages\/94","targetHints":{"allow":["GET"]}}],"collection":[{"href":"https:\/\/serbrip.cl\/index.php\/wp-json\/wp\/v2\/pages"}],"about":[{"href":"https:\/\/serbrip.cl\/index.php\/wp-json\/wp\/v2\/types\/page"}],"author":[{"embeddable":true,"href":"https:\/\/serbrip.cl\/index.php\/wp-json\/wp\/v2\/users\/1"}],"replies":[{"embeddable":true,"href":"https:\/\/serbrip.cl\/index.php\/wp-json\/wp\/v2\/comments?post=94"}],"version-history":[{"count":21,"href":"https:\/\/serbrip.cl\/index.php\/wp-json\/wp\/v2\/pages\/94\/revisions"}],"predecessor-version":[{"id":594,"href":"https:\/\/serbrip.cl\/index.php\/wp-json\/wp\/v2\/pages\/94\/revisions\/594"}],"wp:attachment":[{"href":"https:\/\/serbrip.cl\/index.php\/wp-json\/wp\/v2\/media?parent=94"}],"curies":[{"name":"wp","href":"https:\/\/api.w.org\/{rel}","templated":true}]}}