{"id":60,"date":"2025-11-17T16:32:04","date_gmt":"2025-11-17T16:32:04","guid":{"rendered":"https:\/\/serbrip.cl\/?page_id=60"},"modified":"2025-12-17T11:21:55","modified_gmt":"2025-12-17T11:21:55","slug":"obras-destacadas","status":"publish","type":"page","link":"https:\/\/serbrip.cl\/index.php\/obras-destacadas\/","title":{"rendered":"Obras Destacadas"},"content":{"rendered":"\n<div class=\"wp-block-columns is-layout-flex wp-container-core-columns-is-layout-9d6595d7 wp-block-columns-is-layout-flex\">\n<div class=\"wp-block-column is-layout-flow wp-block-column-is-layout-flow\">\n<figure class=\"wp-block-image size-full\"><img loading=\"lazy\" decoding=\"async\" width=\"180\" height=\"203\" src=\"https:\/\/serbrip.cl\/wp-content\/uploads\/2025\/12\/image.png\" alt=\"\" class=\"wp-image-419\"\/><\/figure>\n\n\n\n<h2 class=\"wp-block-heading\"><strong>A\u00f1o 2025 - DISTRIBUCI\u00d3N<\/strong><\/h2>\n\n\n\n<p>Adecuaci\u00f3n de redes en cruce EFE para PMGD San Antonio: refuerzo de 3,6 km de 185mm y 300mm<\/p>\n<\/div>\n\n\n\n<div class=\"wp-block-column is-layout-flow wp-block-column-is-layout-flow\">\n<figure class=\"wp-block-image size-full\"><img loading=\"lazy\" decoding=\"async\" width=\"173\" height=\"201\" src=\"https:\/\/serbrip.cl\/wp-content\/uploads\/2025\/12\/image-1.png\" alt=\"\" class=\"wp-image-421\"\/><\/figure>\n\n\n\n<h2 class=\"wp-block-heading\"><strong>A\u00f1o 2024 - DISTRIBUCI\u00d3N<\/strong><\/h2>\n\n\n\n<p>Obras de adecuaci\u00f3n PMGD la rosa de sharom: Refuerzo de 12 Km de CU a protegido y construccion de nuevo alimentador de 5 km en protegido de 185mm<\/p>\n<\/div>\n\n\n\n<div class=\"wp-block-column is-layout-flow wp-block-column-is-layout-flow\">\n<figure class=\"wp-block-image size-full\"><img loading=\"lazy\" decoding=\"async\" width=\"174\" height=\"203\" src=\"https:\/\/serbrip.cl\/wp-content\/uploads\/2025\/12\/image-2.png\" alt=\"\" class=\"wp-image-422\"\/><\/figure>\n\n\n\n<h2 class=\"wp-block-heading\"><strong>A\u00f1o 2023 - DISTRIBUCI\u00d3N<\/strong><\/h2>\n\n\n\n<p>Obras de adecuaci\u00f3n de redes para conexi\u00f3n de PMGD Volcan tronador: Refuerzo de 12 Km en MT y construcci\u00f3n de 5 Km de nuevo alimentador<\/p>\n<\/div>\n<\/div>\n\n\n\n<div class=\"wp-block-columns is-layout-flex wp-container-core-columns-is-layout-9d6595d7 wp-block-columns-is-layout-flex\">\n<div class=\"wp-block-column is-layout-flow wp-block-column-is-layout-flow\">\n<figure class=\"wp-block-image size-full\"><img loading=\"lazy\" decoding=\"async\" width=\"174\" height=\"202\" src=\"https:\/\/serbrip.cl\/wp-content\/uploads\/2025\/12\/image-3.png\" alt=\"\" class=\"wp-image-423\"\/><\/figure>\n\n\n\n<h2 class=\"wp-block-heading\"><strong>A\u00f1o 2025 - DISTRIBUCI\u00d3N<\/strong><\/h2>\n\n\n\n<p>Plan de mantenimiento de Poda CGE Regi\u00f3n Metropolitana.&nbsp; El trabajo se realiza con t\u00e9cnica de l\u00ednea energizada.<\/p>\n<\/div>\n\n\n\n<div class=\"wp-block-column is-layout-flow wp-block-column-is-layout-flow\">\n<figure class=\"wp-block-image size-full\"><img loading=\"lazy\" decoding=\"async\" width=\"228\" height=\"267\" src=\"https:\/\/serbrip.cl\/wp-content\/uploads\/2025\/12\/image-5.png\" alt=\"\" class=\"wp-image-425\"\/><\/figure>\n\n\n\n<h2 class=\"wp-block-heading\"><strong>A\u00f1o 2024 - TRANSMISI\u00d3N<\/strong><\/h2>\n\n\n\n<p>Proyecto de \u00e1rea t\u00e9cnica que contempl\u00f3 dos maniobras en un solo desarrollo: la primera, construcci\u00f3n de pa\u00f1o en 23 kV en la SE Larqui para inyectar la energ\u00eda evacuada a trav\u00e9s de una LMT desde un PMGD tambi\u00e9n construido por SERBRIP; y la segunda, construcci\u00f3n de LMT de evacuaci\u00f3n para PMGD junto con pa\u00f1os de MT y AT en subestaciones de poder.<\/p>\n<\/div>\n\n\n\n<div class=\"wp-block-column is-layout-flow wp-block-column-is-layout-flow\">\n<figure class=\"wp-block-image size-full\"><img loading=\"lazy\" decoding=\"async\" width=\"240\" height=\"266\" src=\"https:\/\/serbrip.cl\/wp-content\/uploads\/2025\/12\/image-7.png\" alt=\"\" class=\"wp-image-427\"\/><\/figure>\n\n\n\n<h2 class=\"wp-block-heading\"><strong>A\u00f1o 2025 - <strong>TRANSMISI\u00d3N<\/strong><\/strong><\/h2>\n\n\n\n<p>Trabajo de reposici\u00f3n y tendido de 4400 mts de conductor Azusa Malla de tierra a\u00e9rea LAT 110 kV&nbsp; - Santa Marta-Padre Hurtado. trabajo realizado con 3 cuadrillas pesadas. El tendido va paralelo a la linea f\u00e9rrea<\/p>\n<\/div>\n<\/div>\n\n\n\n<div class=\"wp-block-columns is-layout-flex wp-container-core-columns-is-layout-9d6595d7 wp-block-columns-is-layout-flex\">\n<div class=\"wp-block-column is-layout-flow wp-block-column-is-layout-flow\">\n<figure class=\"wp-block-image size-full\"><img loading=\"lazy\" decoding=\"async\" width=\"236\" height=\"266\" src=\"https:\/\/serbrip.cl\/wp-content\/uploads\/2025\/12\/image-8.png\" alt=\"\" class=\"wp-image-428\"\/><\/figure>\n\n\n\n<h2 class=\"wp-block-heading\"><strong>A\u00f1o 2025 - <strong>TRANSMISI\u00d3N<\/strong><\/strong><\/h2>\n\n\n\n<p>Proyecto FTR pasarela graneros; suministro y montaje de obras civiles para fundaci\u00f3n de reticulado KJ17-2P \/\/ Montaje de estructuras reticuladas tipo KJ17-2P \/\/ Tendido y templado de conductor LAT<\/p>\n<\/div>\n\n\n\n<div class=\"wp-block-column is-layout-flow wp-block-column-is-layout-flow\">\n<figure class=\"wp-block-image size-full\"><img loading=\"lazy\" decoding=\"async\" width=\"240\" height=\"266\" src=\"https:\/\/serbrip.cl\/wp-content\/uploads\/2025\/12\/image-9.png\" alt=\"\" class=\"wp-image-429\"\/><\/figure>\n\n\n\n<h2 class=\"wp-block-heading\"><strong>A\u00f1o 2025 - TRANSMISI\u00d3N<\/strong><\/h2>\n\n\n\n<p>Trabajo de reemplazo aislaci\u00f3n en LAT 66 kV El Mait\u00e9n - El Paico para mejorar altura de la l\u00ednea. Se retiran cadenas de aisladores y se instalan Linepost , en 11 estructuras con 2 cuadrillas pesadas.<\/p>\n<\/div>\n<\/div>\n\n\n\n<div class=\"wp-block-columns is-layout-flex wp-container-core-columns-is-layout-9d6595d7 wp-block-columns-is-layout-flex\">\n<div class=\"wp-block-column is-layout-flow wp-block-column-is-layout-flow\"><\/div>\n<\/div>\n\n\n\n<div class=\"wp-block-columns is-layout-flex wp-container-core-columns-is-layout-9d6595d7 wp-block-columns-is-layout-flex\">\n<div class=\"wp-block-column is-layout-flow wp-block-column-is-layout-flow\"><\/div>\n\n\n\n<div class=\"wp-block-column is-layout-flow wp-block-column-is-layout-flow\"><\/div>\n<\/div>\n\n\n\n<h2 class=\"wp-block-heading\">Mantenci\u00f3n Subestaciones de Poder<\/h2>\n\n\n\n<div class=\"wp-block-buttons is-layout-flex wp-block-buttons-is-layout-flex\">\n<div class=\"wp-block-button\"><a class=\"wp-block-button__link wp-element-button\">Leer m\u00e1s<\/a><\/div>\n<\/div>\n","protected":false},"excerpt":{"rendered":"<p>A\u00f1o 2025 - DISTRIBUCI\u00d3N Adecuaci\u00f3n de redes en cruce EFE para PMGD San Antonio: refuerzo de 3,6 km de 185mm y 300mm A\u00f1o 2024 - DISTRIBUCI\u00d3N Obras de adecuaci\u00f3n PMGD la rosa de sharom: Refuerzo de 12 Km de CU a protegido y construccion de nuevo alimentador de 5 km en protegido de 185mm A\u00f1o [&hellip;]<\/p>\n","protected":false},"author":1,"featured_media":0,"parent":0,"menu_order":0,"comment_status":"closed","ping_status":"closed","template":"","meta":{"vkexunit_cta_each_option":"","footnotes":""},"class_list":["post-60","page","type-page","status-publish","hentry"],"yoast_head":"<!-- This site is optimized with the Yoast SEO plugin v27.4 - https:\/\/yoast.com\/product\/yoast-seo-wordpress\/ -->\n<title>Obras Destacadas - Serbrip<\/title>\n<meta name=\"robots\" content=\"index, follow, max-snippet:-1, max-image-preview:large, max-video-preview:-1\" \/>\n<link rel=\"canonical\" href=\"https:\/\/serbrip.cl\/index.php\/obras-destacadas\/\" \/>\n<meta property=\"og:locale\" content=\"es_ES\" \/>\n<meta property=\"og:type\" content=\"article\" \/>\n<meta property=\"og:title\" content=\"Obras Destacadas - Serbrip\" \/>\n<meta property=\"og:description\" content=\"A\u00f1o 2025 - DISTRIBUCI\u00d3N Adecuaci\u00f3n de redes en cruce EFE para PMGD San Antonio: refuerzo de 3,6 km de 185mm y 300mm A\u00f1o 2024 - DISTRIBUCI\u00d3N Obras de adecuaci\u00f3n PMGD la rosa de sharom: Refuerzo de 12 Km de CU a protegido y construccion de nuevo alimentador de 5 km en protegido de 185mm A\u00f1o [&hellip;]\" \/>\n<meta property=\"og:url\" content=\"https:\/\/serbrip.cl\/index.php\/obras-destacadas\/\" \/>\n<meta property=\"og:site_name\" content=\"Serbrip\" \/>\n<meta property=\"article:modified_time\" content=\"2025-12-17T11:21:55+00:00\" \/>\n<meta property=\"og:image\" content=\"https:\/\/serbrip.cl\/wp-content\/uploads\/2025\/12\/image.png\" \/>\n\t<meta property=\"og:image:width\" content=\"180\" \/>\n\t<meta property=\"og:image:height\" content=\"203\" \/>\n\t<meta property=\"og:image:type\" content=\"image\/png\" \/>\n<meta name=\"twitter:card\" content=\"summary_large_image\" \/>\n<meta name=\"twitter:label1\" content=\"Tiempo de lectura\" \/>\n\t<meta name=\"twitter:data1\" content=\"3 minutos\" \/>\n<script type=\"application\/ld+json\" class=\"yoast-schema-graph\">{\"@context\":\"https:\\\/\\\/schema.org\",\"@graph\":[{\"@type\":\"WebPage\",\"@id\":\"https:\\\/\\\/serbrip.cl\\\/index.php\\\/obras-destacadas\\\/\",\"url\":\"https:\\\/\\\/serbrip.cl\\\/index.php\\\/obras-destacadas\\\/\",\"name\":\"Obras Destacadas - Serbrip\",\"isPartOf\":{\"@id\":\"https:\\\/\\\/serbrip.cl\\\/#website\"},\"primaryImageOfPage\":{\"@id\":\"https:\\\/\\\/serbrip.cl\\\/index.php\\\/obras-destacadas\\\/#primaryimage\"},\"image\":{\"@id\":\"https:\\\/\\\/serbrip.cl\\\/index.php\\\/obras-destacadas\\\/#primaryimage\"},\"thumbnailUrl\":\"https:\\\/\\\/serbrip.cl\\\/wp-content\\\/uploads\\\/2025\\\/12\\\/image.png\",\"datePublished\":\"2025-11-17T16:32:04+00:00\",\"dateModified\":\"2025-12-17T11:21:55+00:00\",\"breadcrumb\":{\"@id\":\"https:\\\/\\\/serbrip.cl\\\/index.php\\\/obras-destacadas\\\/#breadcrumb\"},\"inLanguage\":\"es\",\"potentialAction\":[{\"@type\":\"ReadAction\",\"target\":[\"https:\\\/\\\/serbrip.cl\\\/index.php\\\/obras-destacadas\\\/\"]}]},{\"@type\":\"ImageObject\",\"inLanguage\":\"es\",\"@id\":\"https:\\\/\\\/serbrip.cl\\\/index.php\\\/obras-destacadas\\\/#primaryimage\",\"url\":\"https:\\\/\\\/serbrip.cl\\\/wp-content\\\/uploads\\\/2025\\\/12\\\/image.png\",\"contentUrl\":\"https:\\\/\\\/serbrip.cl\\\/wp-content\\\/uploads\\\/2025\\\/12\\\/image.png\",\"width\":180,\"height\":203},{\"@type\":\"BreadcrumbList\",\"@id\":\"https:\\\/\\\/serbrip.cl\\\/index.php\\\/obras-destacadas\\\/#breadcrumb\",\"itemListElement\":[{\"@type\":\"ListItem\",\"position\":1,\"name\":\"Portada\",\"item\":\"https:\\\/\\\/serbrip.cl\\\/\"},{\"@type\":\"ListItem\",\"position\":2,\"name\":\"Obras Destacadas\"}]},{\"@type\":\"WebSite\",\"@id\":\"https:\\\/\\\/serbrip.cl\\\/#website\",\"url\":\"https:\\\/\\\/serbrip.cl\\\/\",\"name\":\"Serbrip\",\"description\":\"\",\"potentialAction\":[{\"@type\":\"SearchAction\",\"target\":{\"@type\":\"EntryPoint\",\"urlTemplate\":\"https:\\\/\\\/serbrip.cl\\\/?s={search_term_string}\"},\"query-input\":{\"@type\":\"PropertyValueSpecification\",\"valueRequired\":true,\"valueName\":\"search_term_string\"}}],\"inLanguage\":\"es\"}]}<\/script>\n<!-- \/ Yoast SEO plugin. -->","yoast_head_json":{"title":"Obras Destacadas - Serbrip","robots":{"index":"index","follow":"follow","max-snippet":"max-snippet:-1","max-image-preview":"max-image-preview:large","max-video-preview":"max-video-preview:-1"},"canonical":"https:\/\/serbrip.cl\/index.php\/obras-destacadas\/","og_locale":"es_ES","og_type":"article","og_title":"Obras Destacadas - Serbrip","og_description":"A\u00f1o 2025 - DISTRIBUCI\u00d3N Adecuaci\u00f3n de redes en cruce EFE para PMGD San Antonio: refuerzo de 3,6 km de 185mm y 300mm A\u00f1o 2024 - DISTRIBUCI\u00d3N Obras de adecuaci\u00f3n PMGD la rosa de sharom: Refuerzo de 12 Km de CU a protegido y construccion de nuevo alimentador de 5 km en protegido de 185mm A\u00f1o [&hellip;]","og_url":"https:\/\/serbrip.cl\/index.php\/obras-destacadas\/","og_site_name":"Serbrip","article_modified_time":"2025-12-17T11:21:55+00:00","og_image":[{"width":180,"height":203,"url":"https:\/\/serbrip.cl\/wp-content\/uploads\/2025\/12\/image.png","type":"image\/png"}],"twitter_card":"summary_large_image","twitter_misc":{"Tiempo de lectura":"3 minutos"},"schema":{"@context":"https:\/\/schema.org","@graph":[{"@type":"WebPage","@id":"https:\/\/serbrip.cl\/index.php\/obras-destacadas\/","url":"https:\/\/serbrip.cl\/index.php\/obras-destacadas\/","name":"Obras Destacadas - Serbrip","isPartOf":{"@id":"https:\/\/serbrip.cl\/#website"},"primaryImageOfPage":{"@id":"https:\/\/serbrip.cl\/index.php\/obras-destacadas\/#primaryimage"},"image":{"@id":"https:\/\/serbrip.cl\/index.php\/obras-destacadas\/#primaryimage"},"thumbnailUrl":"https:\/\/serbrip.cl\/wp-content\/uploads\/2025\/12\/image.png","datePublished":"2025-11-17T16:32:04+00:00","dateModified":"2025-12-17T11:21:55+00:00","breadcrumb":{"@id":"https:\/\/serbrip.cl\/index.php\/obras-destacadas\/#breadcrumb"},"inLanguage":"es","potentialAction":[{"@type":"ReadAction","target":["https:\/\/serbrip.cl\/index.php\/obras-destacadas\/"]}]},{"@type":"ImageObject","inLanguage":"es","@id":"https:\/\/serbrip.cl\/index.php\/obras-destacadas\/#primaryimage","url":"https:\/\/serbrip.cl\/wp-content\/uploads\/2025\/12\/image.png","contentUrl":"https:\/\/serbrip.cl\/wp-content\/uploads\/2025\/12\/image.png","width":180,"height":203},{"@type":"BreadcrumbList","@id":"https:\/\/serbrip.cl\/index.php\/obras-destacadas\/#breadcrumb","itemListElement":[{"@type":"ListItem","position":1,"name":"Portada","item":"https:\/\/serbrip.cl\/"},{"@type":"ListItem","position":2,"name":"Obras Destacadas"}]},{"@type":"WebSite","@id":"https:\/\/serbrip.cl\/#website","url":"https:\/\/serbrip.cl\/","name":"Serbrip","description":"","potentialAction":[{"@type":"SearchAction","target":{"@type":"EntryPoint","urlTemplate":"https:\/\/serbrip.cl\/?s={search_term_string}"},"query-input":{"@type":"PropertyValueSpecification","valueRequired":true,"valueName":"search_term_string"}}],"inLanguage":"es"}]}},"_links":{"self":[{"href":"https:\/\/serbrip.cl\/index.php\/wp-json\/wp\/v2\/pages\/60","targetHints":{"allow":["GET"]}}],"collection":[{"href":"https:\/\/serbrip.cl\/index.php\/wp-json\/wp\/v2\/pages"}],"about":[{"href":"https:\/\/serbrip.cl\/index.php\/wp-json\/wp\/v2\/types\/page"}],"author":[{"embeddable":true,"href":"https:\/\/serbrip.cl\/index.php\/wp-json\/wp\/v2\/users\/1"}],"replies":[{"embeddable":true,"href":"https:\/\/serbrip.cl\/index.php\/wp-json\/wp\/v2\/comments?post=60"}],"version-history":[{"count":16,"href":"https:\/\/serbrip.cl\/index.php\/wp-json\/wp\/v2\/pages\/60\/revisions"}],"predecessor-version":[{"id":548,"href":"https:\/\/serbrip.cl\/index.php\/wp-json\/wp\/v2\/pages\/60\/revisions\/548"}],"wp:attachment":[{"href":"https:\/\/serbrip.cl\/index.php\/wp-json\/wp\/v2\/media?parent=60"}],"curies":[{"name":"wp","href":"https:\/\/api.w.org\/{rel}","templated":true}]}}