{"id":58,"date":"2025-11-17T16:32:04","date_gmt":"2025-11-17T16:32:04","guid":{"rendered":"https:\/\/serbrip.cl\/?page_id=58"},"modified":"2026-04-07T21:21:40","modified_gmt":"2026-04-07T21:21:40","slug":"hseq","status":"publish","type":"page","link":"https:\/\/serbrip.cl\/index.php\/hseq\/","title":{"rendered":"Cultura de Seguridad y HSEQ"},"content":{"rendered":"\n<h2 class=\"wp-block-heading\">Nuestro pilar principal<\/h2>\n\n\n\n<p>Porque para Serbrip la<strong> HSEQ (Salud, Seguridad, Medio Ambiente y Calidad)<\/strong>, son de la m\u00e1s alta prioridad, se ha implementado la<strong> subgerencia de Seguridad y Calidad<\/strong>. \u00c9sta se encuentra a cargo de un profesional que cuenta con m\u00e1s de 30 a\u00f1os de experiencia en el rubro.<\/p>\n\n\n\n<p><\/p>\n\n\n\n<figure class=\"wp-block-image size-full\"><img loading=\"lazy\" decoding=\"async\" width=\"809\" height=\"530\" src=\"https:\/\/serbrip.cl\/wp-content\/uploads\/2025\/12\/image-23.png\" alt=\"\" class=\"wp-image-461\" srcset=\"https:\/\/serbrip.cl\/wp-content\/uploads\/2025\/12\/image-23.png 809w, https:\/\/serbrip.cl\/wp-content\/uploads\/2025\/12\/image-23-300x197.png 300w, https:\/\/serbrip.cl\/wp-content\/uploads\/2025\/12\/image-23-768x503.png 768w\" sizes=\"auto, (max-width: 809px) 100vw, 809px\" \/><\/figure>\n\n\n\n<p><\/p>\n\n\n\n<figure class=\"wp-block-image size-full\"><img loading=\"lazy\" decoding=\"async\" width=\"266\" height=\"284\" src=\"https:\/\/serbrip.cl\/wp-content\/uploads\/2025\/12\/image-26.png\" alt=\"\" class=\"wp-image-466\"\/><\/figure>\n\n\n\n<h2 class=\"wp-block-heading\">Linkedin - HSEQ<\/h2>\n\n\n\n<iframe loading=\"lazy\" src=\"https:\/\/www.linkedin.com\/embed\/feed\/update\/urn:li:ugcPost:7447377494485209088?collapsed=1\" height=\"494\" width=\"404\" frameborder=\"0\" allowfullscreen=\"\" title=\"Publicaci\u00f3n integrada\"><\/iframe>\n\n\n\n<p><\/p>\n","protected":false},"excerpt":{"rendered":"<p>Nuestro pilar principal Porque para Serbrip la HSEQ (Salud, Seguridad, Medio Ambiente y Calidad), son de la m\u00e1s alta prioridad, se ha implementado la subgerencia de Seguridad y Calidad. \u00c9sta se encuentra a cargo de un profesional que cuenta con m\u00e1s de 30 a\u00f1os de experiencia en el rubro. Linkedin - HSEQ<\/p>\n","protected":false},"author":1,"featured_media":0,"parent":0,"menu_order":0,"comment_status":"closed","ping_status":"closed","template":"","meta":{"vkexunit_cta_each_option":"","footnotes":""},"class_list":["post-58","page","type-page","status-publish","hentry"],"yoast_head":"<!-- This site is optimized with the Yoast SEO plugin v27.4 - https:\/\/yoast.com\/product\/yoast-seo-wordpress\/ -->\n<title>Cultura de Seguridad y HSEQ - Serbrip<\/title>\n<meta name=\"robots\" content=\"index, follow, max-snippet:-1, max-image-preview:large, max-video-preview:-1\" \/>\n<link rel=\"canonical\" href=\"https:\/\/serbrip.cl\/index.php\/hseq\/\" \/>\n<meta property=\"og:locale\" content=\"es_ES\" \/>\n<meta property=\"og:type\" content=\"article\" \/>\n<meta property=\"og:title\" content=\"Cultura de Seguridad y HSEQ - Serbrip\" \/>\n<meta property=\"og:description\" content=\"Nuestro pilar principal Porque para Serbrip la HSEQ (Salud, Seguridad, Medio Ambiente y Calidad), son de la m\u00e1s alta prioridad, se ha implementado la subgerencia de Seguridad y Calidad. \u00c9sta se encuentra a cargo de un profesional que cuenta con m\u00e1s de 30 a\u00f1os de experiencia en el rubro. Linkedin - HSEQ\" \/>\n<meta property=\"og:url\" content=\"https:\/\/serbrip.cl\/index.php\/hseq\/\" \/>\n<meta property=\"og:site_name\" content=\"Serbrip\" \/>\n<meta property=\"article:modified_time\" content=\"2026-04-07T21:21:40+00:00\" \/>\n<meta property=\"og:image\" content=\"https:\/\/serbrip.cl\/wp-content\/uploads\/2025\/12\/image-23.png\" \/>\n\t<meta property=\"og:image:width\" content=\"809\" \/>\n\t<meta property=\"og:image:height\" content=\"530\" \/>\n\t<meta property=\"og:image:type\" content=\"image\/png\" \/>\n<meta name=\"twitter:card\" content=\"summary_large_image\" \/>\n<meta name=\"twitter:label1\" content=\"Tiempo de lectura\" \/>\n\t<meta name=\"twitter:data1\" content=\"1 minuto\" \/>\n<script type=\"application\/ld+json\" class=\"yoast-schema-graph\">{\"@context\":\"https:\\\/\\\/schema.org\",\"@graph\":[{\"@type\":\"WebPage\",\"@id\":\"https:\\\/\\\/serbrip.cl\\\/index.php\\\/hseq\\\/\",\"url\":\"https:\\\/\\\/serbrip.cl\\\/index.php\\\/hseq\\\/\",\"name\":\"Cultura de Seguridad y HSEQ - Serbrip\",\"isPartOf\":{\"@id\":\"https:\\\/\\\/serbrip.cl\\\/#website\"},\"primaryImageOfPage\":{\"@id\":\"https:\\\/\\\/serbrip.cl\\\/index.php\\\/hseq\\\/#primaryimage\"},\"image\":{\"@id\":\"https:\\\/\\\/serbrip.cl\\\/index.php\\\/hseq\\\/#primaryimage\"},\"thumbnailUrl\":\"https:\\\/\\\/serbrip.cl\\\/wp-content\\\/uploads\\\/2025\\\/12\\\/image-23.png\",\"datePublished\":\"2025-11-17T16:32:04+00:00\",\"dateModified\":\"2026-04-07T21:21:40+00:00\",\"breadcrumb\":{\"@id\":\"https:\\\/\\\/serbrip.cl\\\/index.php\\\/hseq\\\/#breadcrumb\"},\"inLanguage\":\"es\",\"potentialAction\":[{\"@type\":\"ReadAction\",\"target\":[\"https:\\\/\\\/serbrip.cl\\\/index.php\\\/hseq\\\/\"]}]},{\"@type\":\"ImageObject\",\"inLanguage\":\"es\",\"@id\":\"https:\\\/\\\/serbrip.cl\\\/index.php\\\/hseq\\\/#primaryimage\",\"url\":\"https:\\\/\\\/serbrip.cl\\\/wp-content\\\/uploads\\\/2025\\\/12\\\/image-23.png\",\"contentUrl\":\"https:\\\/\\\/serbrip.cl\\\/wp-content\\\/uploads\\\/2025\\\/12\\\/image-23.png\",\"width\":809,\"height\":530},{\"@type\":\"BreadcrumbList\",\"@id\":\"https:\\\/\\\/serbrip.cl\\\/index.php\\\/hseq\\\/#breadcrumb\",\"itemListElement\":[{\"@type\":\"ListItem\",\"position\":1,\"name\":\"Portada\",\"item\":\"https:\\\/\\\/serbrip.cl\\\/\"},{\"@type\":\"ListItem\",\"position\":2,\"name\":\"Cultura de Seguridad y HSEQ\"}]},{\"@type\":\"WebSite\",\"@id\":\"https:\\\/\\\/serbrip.cl\\\/#website\",\"url\":\"https:\\\/\\\/serbrip.cl\\\/\",\"name\":\"Serbrip\",\"description\":\"\",\"potentialAction\":[{\"@type\":\"SearchAction\",\"target\":{\"@type\":\"EntryPoint\",\"urlTemplate\":\"https:\\\/\\\/serbrip.cl\\\/?s={search_term_string}\"},\"query-input\":{\"@type\":\"PropertyValueSpecification\",\"valueRequired\":true,\"valueName\":\"search_term_string\"}}],\"inLanguage\":\"es\"}]}<\/script>\n<!-- \/ Yoast SEO plugin. -->","yoast_head_json":{"title":"Cultura de Seguridad y HSEQ - Serbrip","robots":{"index":"index","follow":"follow","max-snippet":"max-snippet:-1","max-image-preview":"max-image-preview:large","max-video-preview":"max-video-preview:-1"},"canonical":"https:\/\/serbrip.cl\/index.php\/hseq\/","og_locale":"es_ES","og_type":"article","og_title":"Cultura de Seguridad y HSEQ - Serbrip","og_description":"Nuestro pilar principal Porque para Serbrip la HSEQ (Salud, Seguridad, Medio Ambiente y Calidad), son de la m\u00e1s alta prioridad, se ha implementado la subgerencia de Seguridad y Calidad. \u00c9sta se encuentra a cargo de un profesional que cuenta con m\u00e1s de 30 a\u00f1os de experiencia en el rubro. Linkedin - HSEQ","og_url":"https:\/\/serbrip.cl\/index.php\/hseq\/","og_site_name":"Serbrip","article_modified_time":"2026-04-07T21:21:40+00:00","og_image":[{"width":809,"height":530,"url":"https:\/\/serbrip.cl\/wp-content\/uploads\/2025\/12\/image-23.png","type":"image\/png"}],"twitter_card":"summary_large_image","twitter_misc":{"Tiempo de lectura":"1 minuto"},"schema":{"@context":"https:\/\/schema.org","@graph":[{"@type":"WebPage","@id":"https:\/\/serbrip.cl\/index.php\/hseq\/","url":"https:\/\/serbrip.cl\/index.php\/hseq\/","name":"Cultura de Seguridad y HSEQ - Serbrip","isPartOf":{"@id":"https:\/\/serbrip.cl\/#website"},"primaryImageOfPage":{"@id":"https:\/\/serbrip.cl\/index.php\/hseq\/#primaryimage"},"image":{"@id":"https:\/\/serbrip.cl\/index.php\/hseq\/#primaryimage"},"thumbnailUrl":"https:\/\/serbrip.cl\/wp-content\/uploads\/2025\/12\/image-23.png","datePublished":"2025-11-17T16:32:04+00:00","dateModified":"2026-04-07T21:21:40+00:00","breadcrumb":{"@id":"https:\/\/serbrip.cl\/index.php\/hseq\/#breadcrumb"},"inLanguage":"es","potentialAction":[{"@type":"ReadAction","target":["https:\/\/serbrip.cl\/index.php\/hseq\/"]}]},{"@type":"ImageObject","inLanguage":"es","@id":"https:\/\/serbrip.cl\/index.php\/hseq\/#primaryimage","url":"https:\/\/serbrip.cl\/wp-content\/uploads\/2025\/12\/image-23.png","contentUrl":"https:\/\/serbrip.cl\/wp-content\/uploads\/2025\/12\/image-23.png","width":809,"height":530},{"@type":"BreadcrumbList","@id":"https:\/\/serbrip.cl\/index.php\/hseq\/#breadcrumb","itemListElement":[{"@type":"ListItem","position":1,"name":"Portada","item":"https:\/\/serbrip.cl\/"},{"@type":"ListItem","position":2,"name":"Cultura de Seguridad y HSEQ"}]},{"@type":"WebSite","@id":"https:\/\/serbrip.cl\/#website","url":"https:\/\/serbrip.cl\/","name":"Serbrip","description":"","potentialAction":[{"@type":"SearchAction","target":{"@type":"EntryPoint","urlTemplate":"https:\/\/serbrip.cl\/?s={search_term_string}"},"query-input":{"@type":"PropertyValueSpecification","valueRequired":true,"valueName":"search_term_string"}}],"inLanguage":"es"}]}},"_links":{"self":[{"href":"https:\/\/serbrip.cl\/index.php\/wp-json\/wp\/v2\/pages\/58","targetHints":{"allow":["GET"]}}],"collection":[{"href":"https:\/\/serbrip.cl\/index.php\/wp-json\/wp\/v2\/pages"}],"about":[{"href":"https:\/\/serbrip.cl\/index.php\/wp-json\/wp\/v2\/types\/page"}],"author":[{"embeddable":true,"href":"https:\/\/serbrip.cl\/index.php\/wp-json\/wp\/v2\/users\/1"}],"replies":[{"embeddable":true,"href":"https:\/\/serbrip.cl\/index.php\/wp-json\/wp\/v2\/comments?post=58"}],"version-history":[{"count":20,"href":"https:\/\/serbrip.cl\/index.php\/wp-json\/wp\/v2\/pages\/58\/revisions"}],"predecessor-version":[{"id":739,"href":"https:\/\/serbrip.cl\/index.php\/wp-json\/wp\/v2\/pages\/58\/revisions\/739"}],"wp:attachment":[{"href":"https:\/\/serbrip.cl\/index.php\/wp-json\/wp\/v2\/media?parent=58"}],"curies":[{"name":"wp","href":"https:\/\/api.w.org\/{rel}","templated":true}]}}