{"id":564,"date":"2025-12-17T11:47:52","date_gmt":"2025-12-17T11:47:52","guid":{"rendered":"https:\/\/serbrip.cl\/?page_id=564"},"modified":"2025-12-17T11:58:28","modified_gmt":"2025-12-17T11:58:28","slug":"transmision-2","status":"publish","type":"page","link":"https:\/\/serbrip.cl\/index.php\/transmision-2\/","title":{"rendered":"Transmisi\u00f3n"},"content":{"rendered":"\n<p><\/p>\n\n\n\n<p>Contrato vigente con CGE Transmisi\u00f3n S.A. por mantenimiento y atenci\u00f3n de fallas en LAT hasta 154 kv en las regiones de O'Higgins y Metropolitana. Estos trabajos se enmarcan en faenas tales como mantenimiento de aislaci\u00f3n , reapriete de herrajes y contactos, reemplazo de prensas o grapas por temperatura, reemplazo de aislaci\u00f3n da\u00f1ada ,  reemplazo de amarras en mal estado, reparaci\u00f3n de conductor cortado, reemplazo de postes y estructuras en mal estado o chocados por veh\u00edculos, recorridos o inspecciones pedestres o con dron, en l\u00edneas y estructuras de manera preventiva o ante fa las declaradas.<\/p>\n\n\n\n<figure class=\"wp-block-image size-medium is-resized\"><img loading=\"lazy\" decoding=\"async\" width=\"265\" height=\"300\" src=\"https:\/\/serbrip.cl\/wp-content\/uploads\/2025\/12\/Gral-o-trans-265x300.png\" alt=\"\" class=\"wp-image-567\" style=\"aspect-ratio:0.8833558863328823;width:306px;height:auto\" srcset=\"https:\/\/serbrip.cl\/wp-content\/uploads\/2025\/12\/Gral-o-trans-265x300.png 265w, https:\/\/serbrip.cl\/wp-content\/uploads\/2025\/12\/Gral-o-trans-768x868.png 768w, https:\/\/serbrip.cl\/wp-content\/uploads\/2025\/12\/Gral-o-trans.png 806w\" sizes=\"auto, (max-width: 265px) 100vw, 265px\" \/><\/figure>\n\n\n\n<p> <\/p>\n\n\n\n<p>Las mantenciones indicadas se realizan tanto a l\u00edneas de transmisi\u00f3n como a subestaciones de poder.<br><\/p>\n\n\n\n<p>Mantenimiento de SS.EE de Poder y pruebas el\u00e9ctricas de equipos tales como Interruptores de Poder-seccionadores cuchi los-TTCC \u2013 TTPP, etc. para lo cual contamos con personal especializado y equipos certificados para realizar todo tipo de pruebas en subestaciones. <\/p>\n\n\n\n<p><\/p>\n","protected":false},"excerpt":{"rendered":"<p>Contrato vigente con CGE Transmisi\u00f3n S.A. por mantenimiento y atenci\u00f3n de fallas en LAT hasta 154 kv en las regiones de O'Higgins y Metropolitana. Estos trabajos se enmarcan en faenas tales como mantenimiento de aislaci\u00f3n , reapriete de herrajes y contactos, reemplazo de prensas o grapas por temperatura, reemplazo de aislaci\u00f3n da\u00f1ada , reemplazo de [&hellip;]<\/p>\n","protected":false},"author":1,"featured_media":0,"parent":0,"menu_order":0,"comment_status":"closed","ping_status":"closed","template":"","meta":{"vkexunit_cta_each_option":"","footnotes":""},"class_list":["post-564","page","type-page","status-publish","hentry"],"yoast_head":"<!-- This site is optimized with the Yoast SEO plugin v27.4 - https:\/\/yoast.com\/product\/yoast-seo-wordpress\/ -->\n<title>Transmisi\u00f3n - Serbrip<\/title>\n<meta name=\"robots\" content=\"index, follow, max-snippet:-1, max-image-preview:large, max-video-preview:-1\" \/>\n<link rel=\"canonical\" href=\"https:\/\/serbrip.cl\/index.php\/transmision-2\/\" \/>\n<meta property=\"og:locale\" content=\"es_ES\" \/>\n<meta property=\"og:type\" content=\"article\" \/>\n<meta property=\"og:title\" content=\"Transmisi\u00f3n - Serbrip\" \/>\n<meta property=\"og:description\" content=\"Contrato vigente con CGE Transmisi\u00f3n S.A. por mantenimiento y atenci\u00f3n de fallas en LAT hasta 154 kv en las regiones de O&#039;Higgins y Metropolitana. Estos trabajos se enmarcan en faenas tales como mantenimiento de aislaci\u00f3n , reapriete de herrajes y contactos, reemplazo de prensas o grapas por temperatura, reemplazo de aislaci\u00f3n da\u00f1ada , reemplazo de [&hellip;]\" \/>\n<meta property=\"og:url\" content=\"https:\/\/serbrip.cl\/index.php\/transmision-2\/\" \/>\n<meta property=\"og:site_name\" content=\"Serbrip\" \/>\n<meta property=\"article:modified_time\" content=\"2025-12-17T11:58:28+00:00\" \/>\n<meta property=\"og:image\" content=\"https:\/\/serbrip.cl\/wp-content\/uploads\/2025\/12\/Gral-o-trans.png\" \/>\n\t<meta property=\"og:image:width\" content=\"806\" \/>\n\t<meta property=\"og:image:height\" content=\"911\" \/>\n\t<meta property=\"og:image:type\" content=\"image\/png\" \/>\n<meta name=\"twitter:card\" content=\"summary_large_image\" \/>\n<meta name=\"twitter:label1\" content=\"Tiempo de lectura\" \/>\n\t<meta name=\"twitter:data1\" content=\"1 minuto\" \/>\n<script type=\"application\/ld+json\" class=\"yoast-schema-graph\">{\"@context\":\"https:\\\/\\\/schema.org\",\"@graph\":[{\"@type\":\"WebPage\",\"@id\":\"https:\\\/\\\/serbrip.cl\\\/index.php\\\/transmision-2\\\/\",\"url\":\"https:\\\/\\\/serbrip.cl\\\/index.php\\\/transmision-2\\\/\",\"name\":\"Transmisi\u00f3n - Serbrip\",\"isPartOf\":{\"@id\":\"https:\\\/\\\/serbrip.cl\\\/#website\"},\"primaryImageOfPage\":{\"@id\":\"https:\\\/\\\/serbrip.cl\\\/index.php\\\/transmision-2\\\/#primaryimage\"},\"image\":{\"@id\":\"https:\\\/\\\/serbrip.cl\\\/index.php\\\/transmision-2\\\/#primaryimage\"},\"thumbnailUrl\":\"https:\\\/\\\/serbrip.cl\\\/wp-content\\\/uploads\\\/2025\\\/12\\\/Gral-o-trans-265x300.png\",\"datePublished\":\"2025-12-17T11:47:52+00:00\",\"dateModified\":\"2025-12-17T11:58:28+00:00\",\"breadcrumb\":{\"@id\":\"https:\\\/\\\/serbrip.cl\\\/index.php\\\/transmision-2\\\/#breadcrumb\"},\"inLanguage\":\"es\",\"potentialAction\":[{\"@type\":\"ReadAction\",\"target\":[\"https:\\\/\\\/serbrip.cl\\\/index.php\\\/transmision-2\\\/\"]}]},{\"@type\":\"ImageObject\",\"inLanguage\":\"es\",\"@id\":\"https:\\\/\\\/serbrip.cl\\\/index.php\\\/transmision-2\\\/#primaryimage\",\"url\":\"https:\\\/\\\/serbrip.cl\\\/wp-content\\\/uploads\\\/2025\\\/12\\\/Gral-o-trans.png\",\"contentUrl\":\"https:\\\/\\\/serbrip.cl\\\/wp-content\\\/uploads\\\/2025\\\/12\\\/Gral-o-trans.png\",\"width\":806,\"height\":911},{\"@type\":\"BreadcrumbList\",\"@id\":\"https:\\\/\\\/serbrip.cl\\\/index.php\\\/transmision-2\\\/#breadcrumb\",\"itemListElement\":[{\"@type\":\"ListItem\",\"position\":1,\"name\":\"Portada\",\"item\":\"https:\\\/\\\/serbrip.cl\\\/\"},{\"@type\":\"ListItem\",\"position\":2,\"name\":\"Transmisi\u00f3n\"}]},{\"@type\":\"WebSite\",\"@id\":\"https:\\\/\\\/serbrip.cl\\\/#website\",\"url\":\"https:\\\/\\\/serbrip.cl\\\/\",\"name\":\"Serbrip\",\"description\":\"\",\"potentialAction\":[{\"@type\":\"SearchAction\",\"target\":{\"@type\":\"EntryPoint\",\"urlTemplate\":\"https:\\\/\\\/serbrip.cl\\\/?s={search_term_string}\"},\"query-input\":{\"@type\":\"PropertyValueSpecification\",\"valueRequired\":true,\"valueName\":\"search_term_string\"}}],\"inLanguage\":\"es\"}]}<\/script>\n<!-- \/ Yoast SEO plugin. -->","yoast_head_json":{"title":"Transmisi\u00f3n - Serbrip","robots":{"index":"index","follow":"follow","max-snippet":"max-snippet:-1","max-image-preview":"max-image-preview:large","max-video-preview":"max-video-preview:-1"},"canonical":"https:\/\/serbrip.cl\/index.php\/transmision-2\/","og_locale":"es_ES","og_type":"article","og_title":"Transmisi\u00f3n - Serbrip","og_description":"Contrato vigente con CGE Transmisi\u00f3n S.A. por mantenimiento y atenci\u00f3n de fallas en LAT hasta 154 kv en las regiones de O'Higgins y Metropolitana. Estos trabajos se enmarcan en faenas tales como mantenimiento de aislaci\u00f3n , reapriete de herrajes y contactos, reemplazo de prensas o grapas por temperatura, reemplazo de aislaci\u00f3n da\u00f1ada , reemplazo de [&hellip;]","og_url":"https:\/\/serbrip.cl\/index.php\/transmision-2\/","og_site_name":"Serbrip","article_modified_time":"2025-12-17T11:58:28+00:00","og_image":[{"width":806,"height":911,"url":"https:\/\/serbrip.cl\/wp-content\/uploads\/2025\/12\/Gral-o-trans.png","type":"image\/png"}],"twitter_card":"summary_large_image","twitter_misc":{"Tiempo de lectura":"1 minuto"},"schema":{"@context":"https:\/\/schema.org","@graph":[{"@type":"WebPage","@id":"https:\/\/serbrip.cl\/index.php\/transmision-2\/","url":"https:\/\/serbrip.cl\/index.php\/transmision-2\/","name":"Transmisi\u00f3n - Serbrip","isPartOf":{"@id":"https:\/\/serbrip.cl\/#website"},"primaryImageOfPage":{"@id":"https:\/\/serbrip.cl\/index.php\/transmision-2\/#primaryimage"},"image":{"@id":"https:\/\/serbrip.cl\/index.php\/transmision-2\/#primaryimage"},"thumbnailUrl":"https:\/\/serbrip.cl\/wp-content\/uploads\/2025\/12\/Gral-o-trans-265x300.png","datePublished":"2025-12-17T11:47:52+00:00","dateModified":"2025-12-17T11:58:28+00:00","breadcrumb":{"@id":"https:\/\/serbrip.cl\/index.php\/transmision-2\/#breadcrumb"},"inLanguage":"es","potentialAction":[{"@type":"ReadAction","target":["https:\/\/serbrip.cl\/index.php\/transmision-2\/"]}]},{"@type":"ImageObject","inLanguage":"es","@id":"https:\/\/serbrip.cl\/index.php\/transmision-2\/#primaryimage","url":"https:\/\/serbrip.cl\/wp-content\/uploads\/2025\/12\/Gral-o-trans.png","contentUrl":"https:\/\/serbrip.cl\/wp-content\/uploads\/2025\/12\/Gral-o-trans.png","width":806,"height":911},{"@type":"BreadcrumbList","@id":"https:\/\/serbrip.cl\/index.php\/transmision-2\/#breadcrumb","itemListElement":[{"@type":"ListItem","position":1,"name":"Portada","item":"https:\/\/serbrip.cl\/"},{"@type":"ListItem","position":2,"name":"Transmisi\u00f3n"}]},{"@type":"WebSite","@id":"https:\/\/serbrip.cl\/#website","url":"https:\/\/serbrip.cl\/","name":"Serbrip","description":"","potentialAction":[{"@type":"SearchAction","target":{"@type":"EntryPoint","urlTemplate":"https:\/\/serbrip.cl\/?s={search_term_string}"},"query-input":{"@type":"PropertyValueSpecification","valueRequired":true,"valueName":"search_term_string"}}],"inLanguage":"es"}]}},"_links":{"self":[{"href":"https:\/\/serbrip.cl\/index.php\/wp-json\/wp\/v2\/pages\/564","targetHints":{"allow":["GET"]}}],"collection":[{"href":"https:\/\/serbrip.cl\/index.php\/wp-json\/wp\/v2\/pages"}],"about":[{"href":"https:\/\/serbrip.cl\/index.php\/wp-json\/wp\/v2\/types\/page"}],"author":[{"embeddable":true,"href":"https:\/\/serbrip.cl\/index.php\/wp-json\/wp\/v2\/users\/1"}],"replies":[{"embeddable":true,"href":"https:\/\/serbrip.cl\/index.php\/wp-json\/wp\/v2\/comments?post=564"}],"version-history":[{"count":7,"href":"https:\/\/serbrip.cl\/index.php\/wp-json\/wp\/v2\/pages\/564\/revisions"}],"predecessor-version":[{"id":577,"href":"https:\/\/serbrip.cl\/index.php\/wp-json\/wp\/v2\/pages\/564\/revisions\/577"}],"wp:attachment":[{"href":"https:\/\/serbrip.cl\/index.php\/wp-json\/wp\/v2\/media?parent=564"}],"curies":[{"name":"wp","href":"https:\/\/api.w.org\/{rel}","templated":true}]}}