{"id":525,"date":"2025-12-11T15:31:56","date_gmt":"2025-12-11T15:31:56","guid":{"rendered":"https:\/\/serbrip.cl\/?page_id=525"},"modified":"2025-12-11T15:37:04","modified_gmt":"2025-12-11T15:37:04","slug":"por-que-elegirnos-4","status":"publish","type":"page","link":"https:\/\/serbrip.cl\/index.php\/por-que-elegirnos-4\/","title":{"rendered":"\u00bfPor qu\u00e9 elegirnos?"},"content":{"rendered":"\n<p>Contamos con m\u00e1s de <strong>27 a\u00f1os de experiencia <\/strong>continua en el rubro el\u00e9ctrico. Serbrip se ha consolidado como un <strong>socio estrat\u00e9gico para empresas<\/strong> que requieren construcci\u00f3n, mantenimiento y optimizaci\u00f3n de sus redes el\u00e9ctricas, en <strong>baja, media o alta tensi\u00f3n<\/strong>.<\/p>\n\n\n\n<p>Nuestro compromiso es <strong>garantizar la continuidad operativa <\/strong>de cada proyecto, ofreciendo soluciones que van desde la instalaci\u00f3n y refuerzo de l\u00edneas, poda en l\u00edneas energizadas, contratos de construcci\u00f3n hasta gesti\u00f3n integral de proyectos el\u00e9ctricos en todo tipo de rubro para <strong>transmisi\u00f3n, distribuci\u00f3n, energ\u00edas renovables, industrias de alimentos, industria minera, entre otros.<\/strong><\/p>\n\n\n\n<figure class=\"wp-block-image size-large\"><img loading=\"lazy\" decoding=\"async\" width=\"876\" height=\"1024\" src=\"https:\/\/serbrip.cl\/wp-content\/uploads\/2025\/12\/gral-trans5-scaled-e1765467398600-876x1024.jpg\" alt=\"\" class=\"wp-image-388\" srcset=\"https:\/\/serbrip.cl\/wp-content\/uploads\/2025\/12\/gral-trans5-scaled-e1765467398600-876x1024.jpg 876w, https:\/\/serbrip.cl\/wp-content\/uploads\/2025\/12\/gral-trans5-scaled-e1765467398600-257x300.jpg 257w, https:\/\/serbrip.cl\/wp-content\/uploads\/2025\/12\/gral-trans5-scaled-e1765467398600-768x898.jpg 768w, https:\/\/serbrip.cl\/wp-content\/uploads\/2025\/12\/gral-trans5-scaled-e1765467398600-1314x1536.jpg 1314w, https:\/\/serbrip.cl\/wp-content\/uploads\/2025\/12\/gral-trans5-scaled-e1765467398600-1752x2048.jpg 1752w, https:\/\/serbrip.cl\/wp-content\/uploads\/2025\/12\/gral-trans5-scaled-e1765467398600.jpg 1920w\" sizes=\"auto, (max-width: 876px) 100vw, 876px\" \/><\/figure>\n\n\n\n<p>Contamos con un <strong>equipo con una vasta experiencia en empresas l\u00edderes del rubro como CGE Distribuci\u00f3n, CGETransmisi\u00f3n y ENEL, manteniendo <\/strong>relaciones de largo plazo gracias a nuestra capacidad de gesti\u00f3n, seguridad certificada ISO, y cumplimiento de altos est\u00e1ndares de calidad.<\/p>\n","protected":false},"excerpt":{"rendered":"<p>Contamos con m\u00e1s de 27 a\u00f1os de experiencia continua en el rubro el\u00e9ctrico. Serbrip se ha consolidado como un socio estrat\u00e9gico para empresas que requieren construcci\u00f3n, mantenimiento y optimizaci\u00f3n de sus redes el\u00e9ctricas, en baja, media o alta tensi\u00f3n. Nuestro compromiso es garantizar la continuidad operativa de cada proyecto, ofreciendo soluciones que van desde la [&hellip;]<\/p>\n","protected":false},"author":1,"featured_media":0,"parent":0,"menu_order":0,"comment_status":"closed","ping_status":"closed","template":"","meta":{"vkexunit_cta_each_option":"","footnotes":""},"class_list":["post-525","page","type-page","status-publish","hentry"],"yoast_head":"<!-- This site is optimized with the Yoast SEO plugin v27.4 - https:\/\/yoast.com\/product\/yoast-seo-wordpress\/ -->\n<title>\u00bfPor qu\u00e9 elegirnos? - Serbrip<\/title>\n<meta name=\"robots\" content=\"index, follow, max-snippet:-1, max-image-preview:large, max-video-preview:-1\" \/>\n<link rel=\"canonical\" href=\"https:\/\/serbrip.cl\/index.php\/por-que-elegirnos-4\/\" \/>\n<meta property=\"og:locale\" content=\"es_ES\" \/>\n<meta property=\"og:type\" content=\"article\" \/>\n<meta property=\"og:title\" content=\"\u00bfPor qu\u00e9 elegirnos? - Serbrip\" \/>\n<meta property=\"og:description\" content=\"Contamos con m\u00e1s de 27 a\u00f1os de experiencia continua en el rubro el\u00e9ctrico. Serbrip se ha consolidado como un socio estrat\u00e9gico para empresas que requieren construcci\u00f3n, mantenimiento y optimizaci\u00f3n de sus redes el\u00e9ctricas, en baja, media o alta tensi\u00f3n. Nuestro compromiso es garantizar la continuidad operativa de cada proyecto, ofreciendo soluciones que van desde la [&hellip;]\" \/>\n<meta property=\"og:url\" content=\"https:\/\/serbrip.cl\/index.php\/por-que-elegirnos-4\/\" \/>\n<meta property=\"og:site_name\" content=\"Serbrip\" \/>\n<meta property=\"article:modified_time\" content=\"2025-12-11T15:37:04+00:00\" \/>\n<meta property=\"og:image\" content=\"https:\/\/serbrip.cl\/wp-content\/uploads\/2025\/12\/gral-trans5-scaled-e1765467398600.jpg\" \/>\n\t<meta property=\"og:image:width\" content=\"1920\" \/>\n\t<meta property=\"og:image:height\" content=\"2244\" \/>\n\t<meta property=\"og:image:type\" content=\"image\/jpeg\" \/>\n<meta name=\"twitter:card\" content=\"summary_large_image\" \/>\n<meta name=\"twitter:label1\" content=\"Tiempo de lectura\" \/>\n\t<meta name=\"twitter:data1\" content=\"1 minuto\" \/>\n<script type=\"application\/ld+json\" class=\"yoast-schema-graph\">{\"@context\":\"https:\\\/\\\/schema.org\",\"@graph\":[{\"@type\":\"WebPage\",\"@id\":\"https:\\\/\\\/serbrip.cl\\\/index.php\\\/por-que-elegirnos-4\\\/\",\"url\":\"https:\\\/\\\/serbrip.cl\\\/index.php\\\/por-que-elegirnos-4\\\/\",\"name\":\"\u00bfPor qu\u00e9 elegirnos? - Serbrip\",\"isPartOf\":{\"@id\":\"https:\\\/\\\/serbrip.cl\\\/#website\"},\"primaryImageOfPage\":{\"@id\":\"https:\\\/\\\/serbrip.cl\\\/index.php\\\/por-que-elegirnos-4\\\/#primaryimage\"},\"image\":{\"@id\":\"https:\\\/\\\/serbrip.cl\\\/index.php\\\/por-que-elegirnos-4\\\/#primaryimage\"},\"thumbnailUrl\":\"https:\\\/\\\/serbrip.cl\\\/wp-content\\\/uploads\\\/2025\\\/12\\\/gral-trans5-scaled-e1765467398600-876x1024.jpg\",\"datePublished\":\"2025-12-11T15:31:56+00:00\",\"dateModified\":\"2025-12-11T15:37:04+00:00\",\"breadcrumb\":{\"@id\":\"https:\\\/\\\/serbrip.cl\\\/index.php\\\/por-que-elegirnos-4\\\/#breadcrumb\"},\"inLanguage\":\"es\",\"potentialAction\":[{\"@type\":\"ReadAction\",\"target\":[\"https:\\\/\\\/serbrip.cl\\\/index.php\\\/por-que-elegirnos-4\\\/\"]}]},{\"@type\":\"ImageObject\",\"inLanguage\":\"es\",\"@id\":\"https:\\\/\\\/serbrip.cl\\\/index.php\\\/por-que-elegirnos-4\\\/#primaryimage\",\"url\":\"https:\\\/\\\/serbrip.cl\\\/wp-content\\\/uploads\\\/2025\\\/12\\\/gral-trans5-scaled-e1765467398600.jpg\",\"contentUrl\":\"https:\\\/\\\/serbrip.cl\\\/wp-content\\\/uploads\\\/2025\\\/12\\\/gral-trans5-scaled-e1765467398600.jpg\",\"width\":1920,\"height\":2244},{\"@type\":\"BreadcrumbList\",\"@id\":\"https:\\\/\\\/serbrip.cl\\\/index.php\\\/por-que-elegirnos-4\\\/#breadcrumb\",\"itemListElement\":[{\"@type\":\"ListItem\",\"position\":1,\"name\":\"Portada\",\"item\":\"https:\\\/\\\/serbrip.cl\\\/\"},{\"@type\":\"ListItem\",\"position\":2,\"name\":\"\u00bfPor qu\u00e9 elegirnos?\"}]},{\"@type\":\"WebSite\",\"@id\":\"https:\\\/\\\/serbrip.cl\\\/#website\",\"url\":\"https:\\\/\\\/serbrip.cl\\\/\",\"name\":\"Serbrip\",\"description\":\"\",\"potentialAction\":[{\"@type\":\"SearchAction\",\"target\":{\"@type\":\"EntryPoint\",\"urlTemplate\":\"https:\\\/\\\/serbrip.cl\\\/?s={search_term_string}\"},\"query-input\":{\"@type\":\"PropertyValueSpecification\",\"valueRequired\":true,\"valueName\":\"search_term_string\"}}],\"inLanguage\":\"es\"}]}<\/script>\n<!-- \/ Yoast SEO plugin. -->","yoast_head_json":{"title":"\u00bfPor qu\u00e9 elegirnos? - Serbrip","robots":{"index":"index","follow":"follow","max-snippet":"max-snippet:-1","max-image-preview":"max-image-preview:large","max-video-preview":"max-video-preview:-1"},"canonical":"https:\/\/serbrip.cl\/index.php\/por-que-elegirnos-4\/","og_locale":"es_ES","og_type":"article","og_title":"\u00bfPor qu\u00e9 elegirnos? - Serbrip","og_description":"Contamos con m\u00e1s de 27 a\u00f1os de experiencia continua en el rubro el\u00e9ctrico. Serbrip se ha consolidado como un socio estrat\u00e9gico para empresas que requieren construcci\u00f3n, mantenimiento y optimizaci\u00f3n de sus redes el\u00e9ctricas, en baja, media o alta tensi\u00f3n. Nuestro compromiso es garantizar la continuidad operativa de cada proyecto, ofreciendo soluciones que van desde la [&hellip;]","og_url":"https:\/\/serbrip.cl\/index.php\/por-que-elegirnos-4\/","og_site_name":"Serbrip","article_modified_time":"2025-12-11T15:37:04+00:00","og_image":[{"width":1920,"height":2244,"url":"https:\/\/serbrip.cl\/wp-content\/uploads\/2025\/12\/gral-trans5-scaled-e1765467398600.jpg","type":"image\/jpeg"}],"twitter_card":"summary_large_image","twitter_misc":{"Tiempo de lectura":"1 minuto"},"schema":{"@context":"https:\/\/schema.org","@graph":[{"@type":"WebPage","@id":"https:\/\/serbrip.cl\/index.php\/por-que-elegirnos-4\/","url":"https:\/\/serbrip.cl\/index.php\/por-que-elegirnos-4\/","name":"\u00bfPor qu\u00e9 elegirnos? - Serbrip","isPartOf":{"@id":"https:\/\/serbrip.cl\/#website"},"primaryImageOfPage":{"@id":"https:\/\/serbrip.cl\/index.php\/por-que-elegirnos-4\/#primaryimage"},"image":{"@id":"https:\/\/serbrip.cl\/index.php\/por-que-elegirnos-4\/#primaryimage"},"thumbnailUrl":"https:\/\/serbrip.cl\/wp-content\/uploads\/2025\/12\/gral-trans5-scaled-e1765467398600-876x1024.jpg","datePublished":"2025-12-11T15:31:56+00:00","dateModified":"2025-12-11T15:37:04+00:00","breadcrumb":{"@id":"https:\/\/serbrip.cl\/index.php\/por-que-elegirnos-4\/#breadcrumb"},"inLanguage":"es","potentialAction":[{"@type":"ReadAction","target":["https:\/\/serbrip.cl\/index.php\/por-que-elegirnos-4\/"]}]},{"@type":"ImageObject","inLanguage":"es","@id":"https:\/\/serbrip.cl\/index.php\/por-que-elegirnos-4\/#primaryimage","url":"https:\/\/serbrip.cl\/wp-content\/uploads\/2025\/12\/gral-trans5-scaled-e1765467398600.jpg","contentUrl":"https:\/\/serbrip.cl\/wp-content\/uploads\/2025\/12\/gral-trans5-scaled-e1765467398600.jpg","width":1920,"height":2244},{"@type":"BreadcrumbList","@id":"https:\/\/serbrip.cl\/index.php\/por-que-elegirnos-4\/#breadcrumb","itemListElement":[{"@type":"ListItem","position":1,"name":"Portada","item":"https:\/\/serbrip.cl\/"},{"@type":"ListItem","position":2,"name":"\u00bfPor qu\u00e9 elegirnos?"}]},{"@type":"WebSite","@id":"https:\/\/serbrip.cl\/#website","url":"https:\/\/serbrip.cl\/","name":"Serbrip","description":"","potentialAction":[{"@type":"SearchAction","target":{"@type":"EntryPoint","urlTemplate":"https:\/\/serbrip.cl\/?s={search_term_string}"},"query-input":{"@type":"PropertyValueSpecification","valueRequired":true,"valueName":"search_term_string"}}],"inLanguage":"es"}]}},"_links":{"self":[{"href":"https:\/\/serbrip.cl\/index.php\/wp-json\/wp\/v2\/pages\/525","targetHints":{"allow":["GET"]}}],"collection":[{"href":"https:\/\/serbrip.cl\/index.php\/wp-json\/wp\/v2\/pages"}],"about":[{"href":"https:\/\/serbrip.cl\/index.php\/wp-json\/wp\/v2\/types\/page"}],"author":[{"embeddable":true,"href":"https:\/\/serbrip.cl\/index.php\/wp-json\/wp\/v2\/users\/1"}],"replies":[{"embeddable":true,"href":"https:\/\/serbrip.cl\/index.php\/wp-json\/wp\/v2\/comments?post=525"}],"version-history":[{"count":2,"href":"https:\/\/serbrip.cl\/index.php\/wp-json\/wp\/v2\/pages\/525\/revisions"}],"predecessor-version":[{"id":530,"href":"https:\/\/serbrip.cl\/index.php\/wp-json\/wp\/v2\/pages\/525\/revisions\/530"}],"wp:attachment":[{"href":"https:\/\/serbrip.cl\/index.php\/wp-json\/wp\/v2\/media?parent=525"}],"curies":[{"name":"wp","href":"https:\/\/api.w.org\/{rel}","templated":true}]}}