{"id":319,"date":"2025-11-26T17:24:23","date_gmt":"2025-11-26T17:24:23","guid":{"rendered":"https:\/\/serbrip.cl\/?page_id=319"},"modified":"2025-11-26T17:24:24","modified_gmt":"2025-11-26T17:24:24","slug":"alcance-geografico","status":"publish","type":"page","link":"https:\/\/serbrip.cl\/index.php\/alcance-geografico\/","title":{"rendered":"Alcance Geogr\u00e1fico"},"content":{"rendered":"\n<p>Contamos con presencia en distintas zonas del pa\u00eds, lo que nos permite atender proyectos el\u00e9ctricos de Distribuci\u00f3n y Transmisi\u00f3n en un amplio territorio.<\/p>\n\n\n\n<p>Desde nuestras bases en <strong>Melipilla y Rancagua, coordinamos de manera estrat\u00e9gica las operaciones <\/strong>para dar soporte \u00e1gil y eficiente a nuestros clientes.<\/p>\n\n\n\n<p>Serbrip ha realizado proyectos<strong> <\/strong>en <strong>Copiap\u00f3, La Serena, Vi\u00f1a del Mar, Leyda, San Antonio, Isla de Maipo, Talagante, Melipilla, Graneros, Rancagua, Rapel, Cabildo, Chillan, entre otras localidades. <\/strong>En ellos se cubre desde el montaje y mantenimiento de redes de media y baja tensi\u00f3n, hasta la ejecuci\u00f3n de obras de transmisi\u00f3n y servicios especializados.<\/p>\n","protected":false},"excerpt":{"rendered":"<p>Contamos con presencia en distintas zonas del pa\u00eds, lo que nos permite atender proyectos el\u00e9ctricos de Distribuci\u00f3n y Transmisi\u00f3n en un amplio territorio. Desde nuestras bases en Melipilla y Rancagua, coordinamos de manera estrat\u00e9gica las operaciones para dar soporte \u00e1gil y eficiente a nuestros clientes. Serbrip ha realizado proyectos en Copiap\u00f3, La Serena, Vi\u00f1a del [&hellip;]<\/p>\n","protected":false},"author":1,"featured_media":0,"parent":0,"menu_order":0,"comment_status":"closed","ping_status":"closed","template":"","meta":{"vkexunit_cta_each_option":"","footnotes":""},"class_list":["post-319","page","type-page","status-publish","hentry"],"yoast_head":"<!-- This site is optimized with the Yoast SEO plugin v27.4 - https:\/\/yoast.com\/product\/yoast-seo-wordpress\/ -->\n<title>Alcance Geogr\u00e1fico - Serbrip<\/title>\n<meta name=\"robots\" content=\"index, follow, max-snippet:-1, max-image-preview:large, max-video-preview:-1\" \/>\n<link rel=\"canonical\" href=\"https:\/\/serbrip.cl\/index.php\/alcance-geografico\/\" \/>\n<meta property=\"og:locale\" content=\"es_ES\" \/>\n<meta property=\"og:type\" content=\"article\" \/>\n<meta property=\"og:title\" content=\"Alcance Geogr\u00e1fico - Serbrip\" \/>\n<meta property=\"og:description\" content=\"Contamos con presencia en distintas zonas del pa\u00eds, lo que nos permite atender proyectos el\u00e9ctricos de Distribuci\u00f3n y Transmisi\u00f3n en un amplio territorio. Desde nuestras bases en Melipilla y Rancagua, coordinamos de manera estrat\u00e9gica las operaciones para dar soporte \u00e1gil y eficiente a nuestros clientes. Serbrip ha realizado proyectos en Copiap\u00f3, La Serena, Vi\u00f1a del [&hellip;]\" \/>\n<meta property=\"og:url\" content=\"https:\/\/serbrip.cl\/index.php\/alcance-geografico\/\" \/>\n<meta property=\"og:site_name\" content=\"Serbrip\" \/>\n<meta property=\"article:modified_time\" content=\"2025-11-26T17:24:24+00:00\" \/>\n<meta name=\"twitter:card\" content=\"summary_large_image\" \/>\n<meta name=\"twitter:label1\" content=\"Tiempo de lectura\" \/>\n\t<meta name=\"twitter:data1\" content=\"1 minuto\" \/>\n<script type=\"application\/ld+json\" class=\"yoast-schema-graph\">{\"@context\":\"https:\\\/\\\/schema.org\",\"@graph\":[{\"@type\":\"WebPage\",\"@id\":\"https:\\\/\\\/serbrip.cl\\\/index.php\\\/alcance-geografico\\\/\",\"url\":\"https:\\\/\\\/serbrip.cl\\\/index.php\\\/alcance-geografico\\\/\",\"name\":\"Alcance Geogr\u00e1fico - Serbrip\",\"isPartOf\":{\"@id\":\"https:\\\/\\\/serbrip.cl\\\/#website\"},\"datePublished\":\"2025-11-26T17:24:23+00:00\",\"dateModified\":\"2025-11-26T17:24:24+00:00\",\"breadcrumb\":{\"@id\":\"https:\\\/\\\/serbrip.cl\\\/index.php\\\/alcance-geografico\\\/#breadcrumb\"},\"inLanguage\":\"es\",\"potentialAction\":[{\"@type\":\"ReadAction\",\"target\":[\"https:\\\/\\\/serbrip.cl\\\/index.php\\\/alcance-geografico\\\/\"]}]},{\"@type\":\"BreadcrumbList\",\"@id\":\"https:\\\/\\\/serbrip.cl\\\/index.php\\\/alcance-geografico\\\/#breadcrumb\",\"itemListElement\":[{\"@type\":\"ListItem\",\"position\":1,\"name\":\"Portada\",\"item\":\"https:\\\/\\\/serbrip.cl\\\/\"},{\"@type\":\"ListItem\",\"position\":2,\"name\":\"Alcance Geogr\u00e1fico\"}]},{\"@type\":\"WebSite\",\"@id\":\"https:\\\/\\\/serbrip.cl\\\/#website\",\"url\":\"https:\\\/\\\/serbrip.cl\\\/\",\"name\":\"Serbrip\",\"description\":\"\",\"potentialAction\":[{\"@type\":\"SearchAction\",\"target\":{\"@type\":\"EntryPoint\",\"urlTemplate\":\"https:\\\/\\\/serbrip.cl\\\/?s={search_term_string}\"},\"query-input\":{\"@type\":\"PropertyValueSpecification\",\"valueRequired\":true,\"valueName\":\"search_term_string\"}}],\"inLanguage\":\"es\"}]}<\/script>\n<!-- \/ Yoast SEO plugin. -->","yoast_head_json":{"title":"Alcance Geogr\u00e1fico - Serbrip","robots":{"index":"index","follow":"follow","max-snippet":"max-snippet:-1","max-image-preview":"max-image-preview:large","max-video-preview":"max-video-preview:-1"},"canonical":"https:\/\/serbrip.cl\/index.php\/alcance-geografico\/","og_locale":"es_ES","og_type":"article","og_title":"Alcance Geogr\u00e1fico - Serbrip","og_description":"Contamos con presencia en distintas zonas del pa\u00eds, lo que nos permite atender proyectos el\u00e9ctricos de Distribuci\u00f3n y Transmisi\u00f3n en un amplio territorio. Desde nuestras bases en Melipilla y Rancagua, coordinamos de manera estrat\u00e9gica las operaciones para dar soporte \u00e1gil y eficiente a nuestros clientes. Serbrip ha realizado proyectos en Copiap\u00f3, La Serena, Vi\u00f1a del [&hellip;]","og_url":"https:\/\/serbrip.cl\/index.php\/alcance-geografico\/","og_site_name":"Serbrip","article_modified_time":"2025-11-26T17:24:24+00:00","twitter_card":"summary_large_image","twitter_misc":{"Tiempo de lectura":"1 minuto"},"schema":{"@context":"https:\/\/schema.org","@graph":[{"@type":"WebPage","@id":"https:\/\/serbrip.cl\/index.php\/alcance-geografico\/","url":"https:\/\/serbrip.cl\/index.php\/alcance-geografico\/","name":"Alcance Geogr\u00e1fico - Serbrip","isPartOf":{"@id":"https:\/\/serbrip.cl\/#website"},"datePublished":"2025-11-26T17:24:23+00:00","dateModified":"2025-11-26T17:24:24+00:00","breadcrumb":{"@id":"https:\/\/serbrip.cl\/index.php\/alcance-geografico\/#breadcrumb"},"inLanguage":"es","potentialAction":[{"@type":"ReadAction","target":["https:\/\/serbrip.cl\/index.php\/alcance-geografico\/"]}]},{"@type":"BreadcrumbList","@id":"https:\/\/serbrip.cl\/index.php\/alcance-geografico\/#breadcrumb","itemListElement":[{"@type":"ListItem","position":1,"name":"Portada","item":"https:\/\/serbrip.cl\/"},{"@type":"ListItem","position":2,"name":"Alcance Geogr\u00e1fico"}]},{"@type":"WebSite","@id":"https:\/\/serbrip.cl\/#website","url":"https:\/\/serbrip.cl\/","name":"Serbrip","description":"","potentialAction":[{"@type":"SearchAction","target":{"@type":"EntryPoint","urlTemplate":"https:\/\/serbrip.cl\/?s={search_term_string}"},"query-input":{"@type":"PropertyValueSpecification","valueRequired":true,"valueName":"search_term_string"}}],"inLanguage":"es"}]}},"_links":{"self":[{"href":"https:\/\/serbrip.cl\/index.php\/wp-json\/wp\/v2\/pages\/319","targetHints":{"allow":["GET"]}}],"collection":[{"href":"https:\/\/serbrip.cl\/index.php\/wp-json\/wp\/v2\/pages"}],"about":[{"href":"https:\/\/serbrip.cl\/index.php\/wp-json\/wp\/v2\/types\/page"}],"author":[{"embeddable":true,"href":"https:\/\/serbrip.cl\/index.php\/wp-json\/wp\/v2\/users\/1"}],"replies":[{"embeddable":true,"href":"https:\/\/serbrip.cl\/index.php\/wp-json\/wp\/v2\/comments?post=319"}],"version-history":[{"count":1,"href":"https:\/\/serbrip.cl\/index.php\/wp-json\/wp\/v2\/pages\/319\/revisions"}],"predecessor-version":[{"id":320,"href":"https:\/\/serbrip.cl\/index.php\/wp-json\/wp\/v2\/pages\/319\/revisions\/320"}],"wp:attachment":[{"href":"https:\/\/serbrip.cl\/index.php\/wp-json\/wp\/v2\/media?parent=319"}],"curies":[{"name":"wp","href":"https:\/\/api.w.org\/{rel}","templated":true}]}}