{"id":315,"date":"2025-11-26T14:18:54","date_gmt":"2025-11-26T14:18:54","guid":{"rendered":"https:\/\/serbrip.cl\/?page_id=315"},"modified":"2025-11-26T17:19:22","modified_gmt":"2025-11-26T17:19:22","slug":"gerencia","status":"publish","type":"page","link":"https:\/\/serbrip.cl\/index.php\/nosotros\/gerencia\/","title":{"rendered":"Gerencia"},"content":{"rendered":"\n<h2 class=\"wp-block-heading\">La fuerza de nuestra experiencia<\/h2>\n\n\n\n<p>El equipo de Gerencia est\u00e1 integrado por profesionales y t\u00e9cnicos que suman m\u00e1s de <strong>150 a\u00f1os de experiencia en el sector el\u00e9ctrico, energ\u00e9tico y de gesti\u00f3n empresarial.<\/strong><strong><\/strong><\/p>\n\n\n\n<figure class=\"wp-block-image size-large\"><img loading=\"lazy\" decoding=\"async\" width=\"1024\" height=\"948\" src=\"https:\/\/serbrip.cl\/wp-content\/uploads\/2025\/11\/Equipo-gerencia-1024x948.jpg\" alt=\"\" class=\"wp-image-311\" srcset=\"https:\/\/serbrip.cl\/wp-content\/uploads\/2025\/11\/Equipo-gerencia-1024x948.jpg 1024w, https:\/\/serbrip.cl\/wp-content\/uploads\/2025\/11\/Equipo-gerencia-300x278.jpg 300w, https:\/\/serbrip.cl\/wp-content\/uploads\/2025\/11\/Equipo-gerencia-768x711.jpg 768w, https:\/\/serbrip.cl\/wp-content\/uploads\/2025\/11\/Equipo-gerencia-1536x1422.jpg 1536w, https:\/\/serbrip.cl\/wp-content\/uploads\/2025\/11\/Equipo-gerencia-2048x1895.jpg 2048w\" sizes=\"auto, (max-width: 1024px) 100vw, 1024px\" \/><\/figure>\n\n\n\n<p>Su formaci\u00f3n abarca Ingenier\u00eda El\u00e9ctrica, Industrial, Civil, Comercial y Prevenci\u00f3n de Riesgos, junto con especializaciones en administraci\u00f3n, finanzas, seguridad y salud. Su <strong>trayectoria <\/strong>se ha consolidado en reconocidas compa\u00f1\u00edas como <strong>CGE, ENEL, Endesa, Colb\u00fan, Naturgy, Metrogas, Transelec,<\/strong> entre otras.<\/p>\n\n\n\n<p>La visi\u00f3n de nuestro equipo integra el <strong>conocimiento t\u00e9cnico con una mirada estrat\u00e9gica y humana<\/strong>, asegurando excelencia en cada desaf\u00edo. Equipo capaz de enfrentar los retos del sector, innovar con soluciones de valor y <strong>garantizar resultados sostenibles en el tiempo<\/strong>. Una combinaci\u00f3n de experiencia, visi\u00f3n y compromiso que constituye el verdadero motor de nuestra empresa.<\/p>\n","protected":false},"excerpt":{"rendered":"<p>La fuerza de nuestra experiencia El equipo de Gerencia est\u00e1 integrado por profesionales y t\u00e9cnicos que suman m\u00e1s de 150 a\u00f1os de experiencia en el sector el\u00e9ctrico, energ\u00e9tico y de gesti\u00f3n empresarial. Su formaci\u00f3n abarca Ingenier\u00eda El\u00e9ctrica, Industrial, Civil, Comercial y Prevenci\u00f3n de Riesgos, junto con especializaciones en administraci\u00f3n, finanzas, seguridad y salud. Su trayectoria [&hellip;]<\/p>\n","protected":false},"author":1,"featured_media":0,"parent":14,"menu_order":0,"comment_status":"closed","ping_status":"closed","template":"","meta":{"vkexunit_cta_each_option":"","footnotes":""},"class_list":["post-315","page","type-page","status-publish","hentry"],"yoast_head":"<!-- This site is optimized with the Yoast SEO plugin v27.4 - https:\/\/yoast.com\/product\/yoast-seo-wordpress\/ -->\n<title>Gerencia - Serbrip<\/title>\n<meta name=\"robots\" content=\"index, follow, max-snippet:-1, max-image-preview:large, max-video-preview:-1\" \/>\n<link rel=\"canonical\" href=\"https:\/\/serbrip.cl\/index.php\/nosotros\/gerencia\/\" \/>\n<meta property=\"og:locale\" content=\"es_ES\" \/>\n<meta property=\"og:type\" content=\"article\" \/>\n<meta property=\"og:title\" content=\"Gerencia - Serbrip\" \/>\n<meta property=\"og:description\" content=\"La fuerza de nuestra experiencia El equipo de Gerencia est\u00e1 integrado por profesionales y t\u00e9cnicos que suman m\u00e1s de 150 a\u00f1os de experiencia en el sector el\u00e9ctrico, energ\u00e9tico y de gesti\u00f3n empresarial. Su formaci\u00f3n abarca Ingenier\u00eda El\u00e9ctrica, Industrial, Civil, Comercial y Prevenci\u00f3n de Riesgos, junto con especializaciones en administraci\u00f3n, finanzas, seguridad y salud. Su trayectoria [&hellip;]\" \/>\n<meta property=\"og:url\" content=\"https:\/\/serbrip.cl\/index.php\/nosotros\/gerencia\/\" \/>\n<meta property=\"og:site_name\" content=\"Serbrip\" \/>\n<meta property=\"article:modified_time\" content=\"2025-11-26T17:19:22+00:00\" \/>\n<meta property=\"og:image\" content=\"https:\/\/serbrip.cl\/wp-content\/uploads\/2025\/11\/Equipo-gerencia-scaled.jpg\" \/>\n\t<meta property=\"og:image:width\" content=\"2560\" \/>\n\t<meta property=\"og:image:height\" content=\"2369\" \/>\n\t<meta property=\"og:image:type\" content=\"image\/jpeg\" \/>\n<meta name=\"twitter:card\" content=\"summary_large_image\" \/>\n<meta name=\"twitter:label1\" content=\"Tiempo de lectura\" \/>\n\t<meta name=\"twitter:data1\" content=\"1 minuto\" \/>\n<script type=\"application\/ld+json\" class=\"yoast-schema-graph\">{\"@context\":\"https:\\\/\\\/schema.org\",\"@graph\":[{\"@type\":\"WebPage\",\"@id\":\"https:\\\/\\\/serbrip.cl\\\/index.php\\\/nosotros\\\/gerencia\\\/\",\"url\":\"https:\\\/\\\/serbrip.cl\\\/index.php\\\/nosotros\\\/gerencia\\\/\",\"name\":\"Gerencia - Serbrip\",\"isPartOf\":{\"@id\":\"https:\\\/\\\/serbrip.cl\\\/#website\"},\"primaryImageOfPage\":{\"@id\":\"https:\\\/\\\/serbrip.cl\\\/index.php\\\/nosotros\\\/gerencia\\\/#primaryimage\"},\"image\":{\"@id\":\"https:\\\/\\\/serbrip.cl\\\/index.php\\\/nosotros\\\/gerencia\\\/#primaryimage\"},\"thumbnailUrl\":\"https:\\\/\\\/serbrip.cl\\\/wp-content\\\/uploads\\\/2025\\\/11\\\/Equipo-gerencia-1024x948.jpg\",\"datePublished\":\"2025-11-26T14:18:54+00:00\",\"dateModified\":\"2025-11-26T17:19:22+00:00\",\"breadcrumb\":{\"@id\":\"https:\\\/\\\/serbrip.cl\\\/index.php\\\/nosotros\\\/gerencia\\\/#breadcrumb\"},\"inLanguage\":\"es\",\"potentialAction\":[{\"@type\":\"ReadAction\",\"target\":[\"https:\\\/\\\/serbrip.cl\\\/index.php\\\/nosotros\\\/gerencia\\\/\"]}]},{\"@type\":\"ImageObject\",\"inLanguage\":\"es\",\"@id\":\"https:\\\/\\\/serbrip.cl\\\/index.php\\\/nosotros\\\/gerencia\\\/#primaryimage\",\"url\":\"https:\\\/\\\/serbrip.cl\\\/wp-content\\\/uploads\\\/2025\\\/11\\\/Equipo-gerencia-scaled.jpg\",\"contentUrl\":\"https:\\\/\\\/serbrip.cl\\\/wp-content\\\/uploads\\\/2025\\\/11\\\/Equipo-gerencia-scaled.jpg\",\"width\":2560,\"height\":2369},{\"@type\":\"BreadcrumbList\",\"@id\":\"https:\\\/\\\/serbrip.cl\\\/index.php\\\/nosotros\\\/gerencia\\\/#breadcrumb\",\"itemListElement\":[{\"@type\":\"ListItem\",\"position\":1,\"name\":\"Portada\",\"item\":\"https:\\\/\\\/serbrip.cl\\\/\"},{\"@type\":\"ListItem\",\"position\":2,\"name\":\"Nosotros\",\"item\":\"https:\\\/\\\/serbrip.cl\\\/index.php\\\/nosotros\\\/\"},{\"@type\":\"ListItem\",\"position\":3,\"name\":\"Gerencia\"}]},{\"@type\":\"WebSite\",\"@id\":\"https:\\\/\\\/serbrip.cl\\\/#website\",\"url\":\"https:\\\/\\\/serbrip.cl\\\/\",\"name\":\"Serbrip\",\"description\":\"\",\"potentialAction\":[{\"@type\":\"SearchAction\",\"target\":{\"@type\":\"EntryPoint\",\"urlTemplate\":\"https:\\\/\\\/serbrip.cl\\\/?s={search_term_string}\"},\"query-input\":{\"@type\":\"PropertyValueSpecification\",\"valueRequired\":true,\"valueName\":\"search_term_string\"}}],\"inLanguage\":\"es\"}]}<\/script>\n<!-- \/ Yoast SEO plugin. -->","yoast_head_json":{"title":"Gerencia - Serbrip","robots":{"index":"index","follow":"follow","max-snippet":"max-snippet:-1","max-image-preview":"max-image-preview:large","max-video-preview":"max-video-preview:-1"},"canonical":"https:\/\/serbrip.cl\/index.php\/nosotros\/gerencia\/","og_locale":"es_ES","og_type":"article","og_title":"Gerencia - Serbrip","og_description":"La fuerza de nuestra experiencia El equipo de Gerencia est\u00e1 integrado por profesionales y t\u00e9cnicos que suman m\u00e1s de 150 a\u00f1os de experiencia en el sector el\u00e9ctrico, energ\u00e9tico y de gesti\u00f3n empresarial. Su formaci\u00f3n abarca Ingenier\u00eda El\u00e9ctrica, Industrial, Civil, Comercial y Prevenci\u00f3n de Riesgos, junto con especializaciones en administraci\u00f3n, finanzas, seguridad y salud. Su trayectoria [&hellip;]","og_url":"https:\/\/serbrip.cl\/index.php\/nosotros\/gerencia\/","og_site_name":"Serbrip","article_modified_time":"2025-11-26T17:19:22+00:00","og_image":[{"width":2560,"height":2369,"url":"https:\/\/serbrip.cl\/wp-content\/uploads\/2025\/11\/Equipo-gerencia-scaled.jpg","type":"image\/jpeg"}],"twitter_card":"summary_large_image","twitter_misc":{"Tiempo de lectura":"1 minuto"},"schema":{"@context":"https:\/\/schema.org","@graph":[{"@type":"WebPage","@id":"https:\/\/serbrip.cl\/index.php\/nosotros\/gerencia\/","url":"https:\/\/serbrip.cl\/index.php\/nosotros\/gerencia\/","name":"Gerencia - Serbrip","isPartOf":{"@id":"https:\/\/serbrip.cl\/#website"},"primaryImageOfPage":{"@id":"https:\/\/serbrip.cl\/index.php\/nosotros\/gerencia\/#primaryimage"},"image":{"@id":"https:\/\/serbrip.cl\/index.php\/nosotros\/gerencia\/#primaryimage"},"thumbnailUrl":"https:\/\/serbrip.cl\/wp-content\/uploads\/2025\/11\/Equipo-gerencia-1024x948.jpg","datePublished":"2025-11-26T14:18:54+00:00","dateModified":"2025-11-26T17:19:22+00:00","breadcrumb":{"@id":"https:\/\/serbrip.cl\/index.php\/nosotros\/gerencia\/#breadcrumb"},"inLanguage":"es","potentialAction":[{"@type":"ReadAction","target":["https:\/\/serbrip.cl\/index.php\/nosotros\/gerencia\/"]}]},{"@type":"ImageObject","inLanguage":"es","@id":"https:\/\/serbrip.cl\/index.php\/nosotros\/gerencia\/#primaryimage","url":"https:\/\/serbrip.cl\/wp-content\/uploads\/2025\/11\/Equipo-gerencia-scaled.jpg","contentUrl":"https:\/\/serbrip.cl\/wp-content\/uploads\/2025\/11\/Equipo-gerencia-scaled.jpg","width":2560,"height":2369},{"@type":"BreadcrumbList","@id":"https:\/\/serbrip.cl\/index.php\/nosotros\/gerencia\/#breadcrumb","itemListElement":[{"@type":"ListItem","position":1,"name":"Portada","item":"https:\/\/serbrip.cl\/"},{"@type":"ListItem","position":2,"name":"Nosotros","item":"https:\/\/serbrip.cl\/index.php\/nosotros\/"},{"@type":"ListItem","position":3,"name":"Gerencia"}]},{"@type":"WebSite","@id":"https:\/\/serbrip.cl\/#website","url":"https:\/\/serbrip.cl\/","name":"Serbrip","description":"","potentialAction":[{"@type":"SearchAction","target":{"@type":"EntryPoint","urlTemplate":"https:\/\/serbrip.cl\/?s={search_term_string}"},"query-input":{"@type":"PropertyValueSpecification","valueRequired":true,"valueName":"search_term_string"}}],"inLanguage":"es"}]}},"_links":{"self":[{"href":"https:\/\/serbrip.cl\/index.php\/wp-json\/wp\/v2\/pages\/315","targetHints":{"allow":["GET"]}}],"collection":[{"href":"https:\/\/serbrip.cl\/index.php\/wp-json\/wp\/v2\/pages"}],"about":[{"href":"https:\/\/serbrip.cl\/index.php\/wp-json\/wp\/v2\/types\/page"}],"author":[{"embeddable":true,"href":"https:\/\/serbrip.cl\/index.php\/wp-json\/wp\/v2\/users\/1"}],"replies":[{"embeddable":true,"href":"https:\/\/serbrip.cl\/index.php\/wp-json\/wp\/v2\/comments?post=315"}],"version-history":[{"count":1,"href":"https:\/\/serbrip.cl\/index.php\/wp-json\/wp\/v2\/pages\/315\/revisions"}],"predecessor-version":[{"id":316,"href":"https:\/\/serbrip.cl\/index.php\/wp-json\/wp\/v2\/pages\/315\/revisions\/316"}],"up":[{"embeddable":true,"href":"https:\/\/serbrip.cl\/index.php\/wp-json\/wp\/v2\/pages\/14"}],"wp:attachment":[{"href":"https:\/\/serbrip.cl\/index.php\/wp-json\/wp\/v2\/media?parent=315"}],"curies":[{"name":"wp","href":"https:\/\/api.w.org\/{rel}","templated":true}]}}