{"id":210,"date":"2025-11-19T15:58:56","date_gmt":"2025-11-19T15:58:56","guid":{"rendered":"https:\/\/serbrip.cl\/?page_id=210"},"modified":"2025-11-19T16:01:30","modified_gmt":"2025-11-19T16:01:30","slug":"inicio-nuevo","status":"publish","type":"page","link":"https:\/\/serbrip.cl\/index.php\/nosotros\/inicio-nuevo\/","title":{"rendered":"Inicio NUEVO"},"content":{"rendered":"\n<figure class=\"wp-block-gallery has-nested-images columns-default is-cropped wp-block-gallery-1 is-layout-flex wp-block-gallery-is-layout-flex\">\n<figure class=\"wp-block-image size-large\"><img loading=\"lazy\" decoding=\"async\" width=\"387\" height=\"567\" data-id=\"228\" src=\"https:\/\/serbrip.cl\/wp-content\/uploads\/2025\/11\/Distribucion-1.png\" alt=\"\" class=\"wp-image-228\" srcset=\"https:\/\/serbrip.cl\/wp-content\/uploads\/2025\/11\/Distribucion-1.png 387w, https:\/\/serbrip.cl\/wp-content\/uploads\/2025\/11\/Distribucion-1-205x300.png 205w\" sizes=\"auto, (max-width: 387px) 100vw, 387px\" \/><\/figure>\n\n\n\n<figure class=\"wp-block-image size-large\"><img loading=\"lazy\" decoding=\"async\" width=\"504\" height=\"283\" data-id=\"226\" src=\"https:\/\/serbrip.cl\/wp-content\/uploads\/2025\/11\/Portada-Brochure-2.png\" alt=\"\" class=\"wp-image-226\" srcset=\"https:\/\/serbrip.cl\/wp-content\/uploads\/2025\/11\/Portada-Brochure-2.png 504w, https:\/\/serbrip.cl\/wp-content\/uploads\/2025\/11\/Portada-Brochure-2-300x168.png 300w, https:\/\/serbrip.cl\/wp-content\/uploads\/2025\/11\/Portada-Brochure-2-320x180.png 320w\" sizes=\"auto, (max-width: 504px) 100vw, 504px\" \/><\/figure>\n\n\n\n<figure class=\"wp-block-image size-large\"><img loading=\"lazy\" decoding=\"async\" width=\"488\" height=\"566\" data-id=\"227\" src=\"https:\/\/serbrip.cl\/wp-content\/uploads\/2025\/11\/Transmision-1.png\" alt=\"\" class=\"wp-image-227\" srcset=\"https:\/\/serbrip.cl\/wp-content\/uploads\/2025\/11\/Transmision-1.png 488w, https:\/\/serbrip.cl\/wp-content\/uploads\/2025\/11\/Transmision-1-259x300.png 259w\" sizes=\"auto, (max-width: 488px) 100vw, 488px\" \/><\/figure>\n<\/figure>\n\n\n\n<p>Somos una empresa chilena del rubro el\u00e9ctrico que nace en el a\u00f1o 1997. Nuestra casa matriz se ubica en la ciudad de Rancagua y mantenemos base de operaci\u00f3n en la provincia de Melipilla. Contamos con una basta experiencia ofreciendo soluciones en servicios de Transmisi\u00f3n y distribuci\u00f3n.<\/p>\n\n\n\n<p><strong>MISI\u00d3N<\/strong><\/p>\n\n\n\n<p>Entregar soluciones el\u00e9ctricas integrales, seguras y eficientes, en construcci\u00f3n, mantenimiento y optimizaci\u00f3n de redes el\u00e9ctricas en baja, media y alta tensi\u00f3n a lo largo de todo Chile, destacando como una de las empresas contratistas m\u00e1s relevantes en las regiones Metropolitana y O\u2019Higgins, garantizando la continuidad operativa de nuestros clientes mediante gesti\u00f3n experta, trabajos certificados y relaciones de confianza a largo plazo.<\/p>\n\n\n\n<p><strong>VISI\u00d3N<\/strong><\/p>\n\n\n\n<p>Ser la empresa contratista l\u00edder en construcci\u00f3n, mantenimiento y optimizaci\u00f3n de redes el\u00e9ctricas, consolidando nuestra presencia en el pa\u00eds y expandiendo nuestras operaciones a nivel nacional, aspirando a ser reconocidos como el socio estrat\u00e9gico por excelencia por las principales compa\u00f1\u00edas el\u00e9ctricas y proyectos energ\u00e9ticos en Chile, avanzando cada d\u00eda en la innovaci\u00f3n, seguridad y excelencia operacional en cada servicio que entregamos.<\/p>\n\n\n\n<p><\/p>\n","protected":false},"excerpt":{"rendered":"<p>Somos una empresa chilena del rubro el\u00e9ctrico que nace en el a\u00f1o 1997. Nuestra casa matriz se ubica en la ciudad de Rancagua y mantenemos base de operaci\u00f3n en la provincia de Melipilla. Contamos con una basta experiencia ofreciendo soluciones en servicios de Transmisi\u00f3n y distribuci\u00f3n. MISI\u00d3N Entregar soluciones el\u00e9ctricas integrales, seguras y eficientes, en [&hellip;]<\/p>\n","protected":false},"author":1,"featured_media":0,"parent":14,"menu_order":0,"comment_status":"closed","ping_status":"closed","template":"","meta":{"vkexunit_cta_each_option":"","footnotes":""},"class_list":["post-210","page","type-page","status-publish","hentry"],"yoast_head":"<!-- This site is optimized with the Yoast SEO plugin v27.4 - https:\/\/yoast.com\/product\/yoast-seo-wordpress\/ -->\n<title>Inicio NUEVO - Serbrip<\/title>\n<meta name=\"robots\" content=\"index, follow, max-snippet:-1, max-image-preview:large, max-video-preview:-1\" \/>\n<link rel=\"canonical\" href=\"https:\/\/serbrip.cl\/index.php\/nosotros\/inicio-nuevo\/\" \/>\n<meta property=\"og:locale\" content=\"es_ES\" \/>\n<meta property=\"og:type\" content=\"article\" \/>\n<meta property=\"og:title\" content=\"Inicio NUEVO - Serbrip\" \/>\n<meta property=\"og:description\" content=\"Somos una empresa chilena del rubro el\u00e9ctrico que nace en el a\u00f1o 1997. Nuestra casa matriz se ubica en la ciudad de Rancagua y mantenemos base de operaci\u00f3n en la provincia de Melipilla. Contamos con una basta experiencia ofreciendo soluciones en servicios de Transmisi\u00f3n y distribuci\u00f3n. MISI\u00d3N Entregar soluciones el\u00e9ctricas integrales, seguras y eficientes, en [&hellip;]\" \/>\n<meta property=\"og:url\" content=\"https:\/\/serbrip.cl\/index.php\/nosotros\/inicio-nuevo\/\" \/>\n<meta property=\"og:site_name\" content=\"Serbrip\" \/>\n<meta property=\"article:modified_time\" content=\"2025-11-19T16:01:30+00:00\" \/>\n<meta property=\"og:image\" content=\"https:\/\/serbrip.cl\/wp-content\/uploads\/2025\/11\/Distribucion-1.png\" \/>\n\t<meta property=\"og:image:width\" content=\"387\" \/>\n\t<meta property=\"og:image:height\" content=\"567\" \/>\n\t<meta property=\"og:image:type\" content=\"image\/png\" \/>\n<meta name=\"twitter:card\" content=\"summary_large_image\" \/>\n<meta name=\"twitter:label1\" content=\"Tiempo de lectura\" \/>\n\t<meta name=\"twitter:data1\" content=\"2 minutos\" \/>\n<script type=\"application\/ld+json\" class=\"yoast-schema-graph\">{\"@context\":\"https:\\\/\\\/schema.org\",\"@graph\":[{\"@type\":\"WebPage\",\"@id\":\"https:\\\/\\\/serbrip.cl\\\/index.php\\\/nosotros\\\/inicio-nuevo\\\/\",\"url\":\"https:\\\/\\\/serbrip.cl\\\/index.php\\\/nosotros\\\/inicio-nuevo\\\/\",\"name\":\"Inicio NUEVO - Serbrip\",\"isPartOf\":{\"@id\":\"https:\\\/\\\/serbrip.cl\\\/#website\"},\"primaryImageOfPage\":{\"@id\":\"https:\\\/\\\/serbrip.cl\\\/index.php\\\/nosotros\\\/inicio-nuevo\\\/#primaryimage\"},\"image\":{\"@id\":\"https:\\\/\\\/serbrip.cl\\\/index.php\\\/nosotros\\\/inicio-nuevo\\\/#primaryimage\"},\"thumbnailUrl\":\"https:\\\/\\\/serbrip.cl\\\/wp-content\\\/uploads\\\/2025\\\/11\\\/Distribucion-1.png\",\"datePublished\":\"2025-11-19T15:58:56+00:00\",\"dateModified\":\"2025-11-19T16:01:30+00:00\",\"breadcrumb\":{\"@id\":\"https:\\\/\\\/serbrip.cl\\\/index.php\\\/nosotros\\\/inicio-nuevo\\\/#breadcrumb\"},\"inLanguage\":\"es\",\"potentialAction\":[{\"@type\":\"ReadAction\",\"target\":[\"https:\\\/\\\/serbrip.cl\\\/index.php\\\/nosotros\\\/inicio-nuevo\\\/\"]}]},{\"@type\":\"ImageObject\",\"inLanguage\":\"es\",\"@id\":\"https:\\\/\\\/serbrip.cl\\\/index.php\\\/nosotros\\\/inicio-nuevo\\\/#primaryimage\",\"url\":\"https:\\\/\\\/serbrip.cl\\\/wp-content\\\/uploads\\\/2025\\\/11\\\/Distribucion-1.png\",\"contentUrl\":\"https:\\\/\\\/serbrip.cl\\\/wp-content\\\/uploads\\\/2025\\\/11\\\/Distribucion-1.png\",\"width\":387,\"height\":567},{\"@type\":\"BreadcrumbList\",\"@id\":\"https:\\\/\\\/serbrip.cl\\\/index.php\\\/nosotros\\\/inicio-nuevo\\\/#breadcrumb\",\"itemListElement\":[{\"@type\":\"ListItem\",\"position\":1,\"name\":\"Portada\",\"item\":\"https:\\\/\\\/serbrip.cl\\\/\"},{\"@type\":\"ListItem\",\"position\":2,\"name\":\"Nosotros\",\"item\":\"https:\\\/\\\/serbrip.cl\\\/index.php\\\/nosotros\\\/\"},{\"@type\":\"ListItem\",\"position\":3,\"name\":\"Inicio NUEVO\"}]},{\"@type\":\"WebSite\",\"@id\":\"https:\\\/\\\/serbrip.cl\\\/#website\",\"url\":\"https:\\\/\\\/serbrip.cl\\\/\",\"name\":\"Serbrip\",\"description\":\"\",\"potentialAction\":[{\"@type\":\"SearchAction\",\"target\":{\"@type\":\"EntryPoint\",\"urlTemplate\":\"https:\\\/\\\/serbrip.cl\\\/?s={search_term_string}\"},\"query-input\":{\"@type\":\"PropertyValueSpecification\",\"valueRequired\":true,\"valueName\":\"search_term_string\"}}],\"inLanguage\":\"es\"}]}<\/script>\n<!-- \/ Yoast SEO plugin. -->","yoast_head_json":{"title":"Inicio NUEVO - Serbrip","robots":{"index":"index","follow":"follow","max-snippet":"max-snippet:-1","max-image-preview":"max-image-preview:large","max-video-preview":"max-video-preview:-1"},"canonical":"https:\/\/serbrip.cl\/index.php\/nosotros\/inicio-nuevo\/","og_locale":"es_ES","og_type":"article","og_title":"Inicio NUEVO - Serbrip","og_description":"Somos una empresa chilena del rubro el\u00e9ctrico que nace en el a\u00f1o 1997. Nuestra casa matriz se ubica en la ciudad de Rancagua y mantenemos base de operaci\u00f3n en la provincia de Melipilla. Contamos con una basta experiencia ofreciendo soluciones en servicios de Transmisi\u00f3n y distribuci\u00f3n. MISI\u00d3N Entregar soluciones el\u00e9ctricas integrales, seguras y eficientes, en [&hellip;]","og_url":"https:\/\/serbrip.cl\/index.php\/nosotros\/inicio-nuevo\/","og_site_name":"Serbrip","article_modified_time":"2025-11-19T16:01:30+00:00","og_image":[{"width":387,"height":567,"url":"https:\/\/serbrip.cl\/wp-content\/uploads\/2025\/11\/Distribucion-1.png","type":"image\/png"}],"twitter_card":"summary_large_image","twitter_misc":{"Tiempo de lectura":"2 minutos"},"schema":{"@context":"https:\/\/schema.org","@graph":[{"@type":"WebPage","@id":"https:\/\/serbrip.cl\/index.php\/nosotros\/inicio-nuevo\/","url":"https:\/\/serbrip.cl\/index.php\/nosotros\/inicio-nuevo\/","name":"Inicio NUEVO - Serbrip","isPartOf":{"@id":"https:\/\/serbrip.cl\/#website"},"primaryImageOfPage":{"@id":"https:\/\/serbrip.cl\/index.php\/nosotros\/inicio-nuevo\/#primaryimage"},"image":{"@id":"https:\/\/serbrip.cl\/index.php\/nosotros\/inicio-nuevo\/#primaryimage"},"thumbnailUrl":"https:\/\/serbrip.cl\/wp-content\/uploads\/2025\/11\/Distribucion-1.png","datePublished":"2025-11-19T15:58:56+00:00","dateModified":"2025-11-19T16:01:30+00:00","breadcrumb":{"@id":"https:\/\/serbrip.cl\/index.php\/nosotros\/inicio-nuevo\/#breadcrumb"},"inLanguage":"es","potentialAction":[{"@type":"ReadAction","target":["https:\/\/serbrip.cl\/index.php\/nosotros\/inicio-nuevo\/"]}]},{"@type":"ImageObject","inLanguage":"es","@id":"https:\/\/serbrip.cl\/index.php\/nosotros\/inicio-nuevo\/#primaryimage","url":"https:\/\/serbrip.cl\/wp-content\/uploads\/2025\/11\/Distribucion-1.png","contentUrl":"https:\/\/serbrip.cl\/wp-content\/uploads\/2025\/11\/Distribucion-1.png","width":387,"height":567},{"@type":"BreadcrumbList","@id":"https:\/\/serbrip.cl\/index.php\/nosotros\/inicio-nuevo\/#breadcrumb","itemListElement":[{"@type":"ListItem","position":1,"name":"Portada","item":"https:\/\/serbrip.cl\/"},{"@type":"ListItem","position":2,"name":"Nosotros","item":"https:\/\/serbrip.cl\/index.php\/nosotros\/"},{"@type":"ListItem","position":3,"name":"Inicio NUEVO"}]},{"@type":"WebSite","@id":"https:\/\/serbrip.cl\/#website","url":"https:\/\/serbrip.cl\/","name":"Serbrip","description":"","potentialAction":[{"@type":"SearchAction","target":{"@type":"EntryPoint","urlTemplate":"https:\/\/serbrip.cl\/?s={search_term_string}"},"query-input":{"@type":"PropertyValueSpecification","valueRequired":true,"valueName":"search_term_string"}}],"inLanguage":"es"}]}},"_links":{"self":[{"href":"https:\/\/serbrip.cl\/index.php\/wp-json\/wp\/v2\/pages\/210","targetHints":{"allow":["GET"]}}],"collection":[{"href":"https:\/\/serbrip.cl\/index.php\/wp-json\/wp\/v2\/pages"}],"about":[{"href":"https:\/\/serbrip.cl\/index.php\/wp-json\/wp\/v2\/types\/page"}],"author":[{"embeddable":true,"href":"https:\/\/serbrip.cl\/index.php\/wp-json\/wp\/v2\/users\/1"}],"replies":[{"embeddable":true,"href":"https:\/\/serbrip.cl\/index.php\/wp-json\/wp\/v2\/comments?post=210"}],"version-history":[{"count":2,"href":"https:\/\/serbrip.cl\/index.php\/wp-json\/wp\/v2\/pages\/210\/revisions"}],"predecessor-version":[{"id":230,"href":"https:\/\/serbrip.cl\/index.php\/wp-json\/wp\/v2\/pages\/210\/revisions\/230"}],"up":[{"embeddable":true,"href":"https:\/\/serbrip.cl\/index.php\/wp-json\/wp\/v2\/pages\/14"}],"wp:attachment":[{"href":"https:\/\/serbrip.cl\/index.php\/wp-json\/wp\/v2\/media?parent=210"}],"curies":[{"name":"wp","href":"https:\/\/api.w.org\/{rel}","templated":true}]}}