{"id":15,"date":"2025-11-17T12:47:33","date_gmt":"2025-11-17T12:47:33","guid":{"rendered":"https:\/\/serbrip.cl\/?page_id=15"},"modified":"2026-02-27T12:38:18","modified_gmt":"2026-02-27T12:38:18","slug":"contacto","status":"publish","type":"page","link":"https:\/\/serbrip.cl\/index.php\/contacto\/","title":{"rendered":"Contacto"},"content":{"rendered":"\n<h2 class=\"wp-block-heading\">Formulario de contacto: <\/h2>\n\n\n<div class='fluentform ff-default fluentform_wrapper_3 ffs_default_wrap'><form data-form_id=\"3\" id=\"fluentform_3\" class=\"frm-fluent-form fluent_form_3 ff-el-form-top ff_form_instance_3_1 ff-form-loading ffs_default\" data-form_instance=\"ff_form_instance_3_1\" method=\"POST\" ><fieldset  style=\"border: none!important;margin: 0!important;padding: 0!important;background-color: transparent!important;box-shadow: none!important;outline: none!important; min-inline-size: 100%;\">\n                    <legend class=\"ff_screen_reader_title\" style=\"display: block; margin: 0!important;padding: 0!important;height: 0!important;text-indent: -999999px;width: 0!important;overflow:hidden;\">Blank Form (#3)<\/legend><p style=\"display: none !important;\" class=\"akismet-fields-container\" data-prefix=\"ak_\"><label>&#916;<textarea name=\"ak_hp_textarea\" cols=\"45\" rows=\"8\" maxlength=\"100\"><\/textarea><\/label><input type=\"hidden\" id=\"ak_js_1\" name=\"ak_js\" value=\"187\"\/><script>document.getElementById( \"ak_js_1\" ).setAttribute( \"value\", ( new Date() ).getTime() );<\/script><\/p><input type='hidden' name='__fluent_form_embded_post_id' value='15' \/><input type=\"hidden\" id=\"_fluentform_3_fluentformnonce\" name=\"_fluentform_3_fluentformnonce\" value=\"fd41cd2b80\" \/><input type=\"hidden\" name=\"_wp_http_referer\" value=\"\/index.php\/wp-json\/wp\/v2\/pages\/15\" \/><div data-type=\"name-element\" data-name=\"names\" class=\" ff-field_container ff-name-field-wrapper\" ><div class='ff-t-container'><div class='ff-t-cell '><div class='ff-el-group ff-el-form-top'><div class=\"ff-el-input--label asterisk-right\"><label for='ff_3_names_first_name_' id='label_ff_3_names_first_name_' >Nombre<\/label><\/div><div class='ff-el-input--content'><input type=\"text\" name=\"names[first_name]\" id=\"ff_3_names_first_name_\" class=\"ff-el-form-control\" placeholder=\"Introduce tu nombre\" aria-invalid=\"false\" aria-required=false><\/div><\/div><\/div><div class='ff-t-cell '><div class='ff-el-group ff-el-form-top'><div class=\"ff-el-input--label asterisk-right\"><label for='ff_3_names_last_name_' id='label_ff_3_names_last_name_' >Apellidos<\/label><\/div><div class='ff-el-input--content'><input type=\"text\" name=\"names[last_name]\" id=\"ff_3_names_last_name_\" class=\"ff-el-form-control\" placeholder=\"Introduce tus apellidos\" aria-invalid=\"false\" aria-required=false><\/div><\/div><\/div><\/div><\/div><div class='ff-el-group'><div class=\"ff-el-input--label asterisk-right\"><label for='ff_3_email' id='label_ff_3_email' aria-label=\"Correo electr\u00f3nico\">Correo electr\u00f3nico<\/label><\/div><div class='ff-el-input--content'><input type=\"email\" name=\"email\" id=\"ff_3_email\" class=\"ff-el-form-control\" placeholder=\"Email Address\" data-name=\"email\"  aria-invalid=\"false\" aria-required=false><\/div><\/div><div class='ff-el-group'><div class=\"ff-el-input--label asterisk-right\"><label for='ff_3_input_text' id='label_ff_3_input_text' aria-label=\"Empresa\">Empresa<\/label><\/div><div class='ff-el-input--content'><input type=\"text\" name=\"input_text\" class=\"ff-el-form-control\" data-name=\"input_text\" id=\"ff_3_input_text\"  aria-invalid=\"false\" aria-required=false><\/div><\/div><div class='ff-el-group'><div class=\"ff-el-input--label asterisk-right\"><label for='ff_3_input_text_1' id='label_ff_3_input_text_1' aria-label=\"Asunto\">Asunto<\/label><\/div><div class='ff-el-input--content'><input type=\"text\" name=\"input_text_1\" class=\"ff-el-form-control\" data-name=\"input_text_1\" id=\"ff_3_input_text_1\"  aria-invalid=\"false\" aria-required=false><\/div><\/div><div class='ff-el-group'><div class=\"ff-el-input--label asterisk-right\"><label for='ff_3_description' id='label_ff_3_description' aria-label=\"Mensaje\">Mensaje<\/label><\/div><div class='ff-el-input--content'><textarea aria-required=\"false\" aria-labelledby=\"label_ff_3_description\" name=\"description\" id=\"ff_3_description\" class=\"ff-el-form-control\" rows=\"3\" cols=\"2\" data-name=\"description\" ><\/textarea><\/div><\/div><div class='ff-el-group ' ><div class='ff-el-input--content'><div data-fluent_id='3' name='g-recaptcha-response'><div\n\t\tdata-sitekey='6Le7xGAsAAAAACNAD-s3gYu0n40yGwqY82TZswPl'\n\t\tid='fluentform-recaptcha-3-1'\n\t\tclass='ff-el-recaptcha g-recaptcha'\n\t\tdata-callback='fluentFormrecaptchaSuccessCallback'><\/div><\/div><\/div><\/div><div class='ff-el-group ff-text-left ff_submit_btn_wrapper'><button type=\"submit\" class=\"ff-btn ff-btn-submit ff-btn-md ff_btn_style\"  aria-label=\"Enviar\">Enviar<\/button><\/div><\/fieldset><\/form><div id='fluentform_3_errors' class='ff-errors-in-stack ff_form_instance_3_1 ff-form-loading_errors ff_form_instance_3_1_errors'><\/div><\/div>            <script type=\"text\/javascript\">\n                window.fluent_form_ff_form_instance_3_1 = {\"id\":\"3\",\"settings\":{\"layout\":{\"labelPlacement\":\"top\",\"asteriskPlacement\":\"asterisk-right\",\"helpMessagePlacement\":\"with_label\",\"errorMessagePlacement\":\"inline\",\"cssClassName\":\"\"},\"restrictions\":{\"denyEmptySubmission\":{\"enabled\":false}}},\"form_instance\":\"ff_form_instance_3_1\",\"form_id_selector\":\"fluentform_3\",\"rules\":{\"names[first_name]\":{\"required\":{\"value\":false,\"message\":\"Este campo es obligatorio\",\"global_message\":\"Este campo es obligatorio\",\"global\":true}},\"names[middle_name]\":{\"required\":{\"value\":false,\"message\":\"Este campo es obligatorio\",\"global_message\":\"Este campo es obligatorio\",\"global\":true}},\"names[last_name]\":{\"required\":{\"value\":false,\"message\":\"Este campo es obligatorio\",\"global_message\":\"Este campo es obligatorio\",\"global\":true}},\"email\":{\"required\":{\"value\":false,\"message\":\"Este campo es obligatorio\",\"global_message\":\"Este campo es obligatorio\",\"global\":true},\"email\":{\"value\":true,\"message\":\"Este campo debe contener un correo electr\\u00f3nico v\\u00e1lido\",\"global_message\":\"Este campo debe contener un correo electr\\u00f3nico v\\u00e1lido\",\"global\":true}},\"input_text\":{\"required\":{\"value\":false,\"message\":\"Este campo es obligatorio\",\"global_message\":\"Este campo es obligatorio\",\"global\":true}},\"input_text_1\":{\"required\":{\"value\":false,\"message\":\"Este campo es obligatorio\",\"global_message\":\"Este campo es obligatorio\",\"global\":true}},\"description\":{\"required\":{\"value\":false,\"message\":\"Este campo es obligatorio\",\"global_message\":\"Este campo es obligatorio\",\"global\":true}},\"g-recaptcha-response\":[]},\"debounce_time\":300};\n                            <\/script>\n            \n\n\n\n<h2 class=\"wp-block-heading\">Casa Matriz: <\/h2>\n\n\n\n<p>Las Verbenas 28,&nbsp;Rancagua<\/p>\n\n\n\n<p>Regi\u00f3n de O'Higgins.<\/p>\n\n\n\n<p>Tel\u00e9fono: <a href=\"https:\/\/www.google.com\/search?sca_esv=d58277e39b784d69&amp;sxsrf=AE3TifMhfb-GWqvf5AIFquHcl1MVGn83yA:1765417204582&amp;q=casa+matriz+serbrip+o%27higgins&amp;spell=1&amp;sa=X&amp;ved=2ahUKEwih8u_Ks7SRAxVSqpUCHTLzB88QBSgAegQIDhAB&amp;biw=1366&amp;bih=683&amp;dpr=1&amp;lqi=Ch1jYXNhIG1hdHJpeiBzZXJicmlwIG8naGlnZ2luc0i5tsrXhq2AgAhaLxAAEAEQAhADEAQYAhgDGAQiHWNhc2EgbWF0cml6IHNlcmJyaXAgbyBoaWdnaW5zkgEYZWxlY3RyaWNfdXRpbGl0eV9jb21wYW55#\"> <\/a>(72) 258 5010 <\/p>\n\n\n\n<h2 class=\"wp-block-heading\">Gerentes<\/h2>\n\n\n\n<figure class=\"wp-block-image size-full\"><img loading=\"lazy\" decoding=\"async\" width=\"91\" height=\"96\" src=\"https:\/\/serbrip.cl\/wp-content\/uploads\/2025\/12\/image-11.png\" alt=\"\" class=\"wp-image-432\"\/><\/figure>\n\n\n\n<p><strong>H\u00c9CTOR BARRIGA O.<\/strong><\/p>\n\n\n\n<p>Equipo Gerencia - Contacto para trabajos en Regi\u00f3n O\u2019Higgins, Proyectos Norte y Sur<\/p>\n\n\n\n<p><strong>HBARRIGA@SERBRIP.CL<\/strong> | <strong>+569\u00a0 8436 6841<\/strong><\/p>\n\n\n\n<div style=\"height:55px\" aria-hidden=\"true\" class=\"wp-block-spacer\"><\/div>\n\n\n\n<figure class=\"wp-block-image size-full\"><img loading=\"lazy\" decoding=\"async\" width=\"101\" height=\"100\" src=\"https:\/\/serbrip.cl\/wp-content\/uploads\/2025\/12\/image-13.png\" alt=\"\" class=\"wp-image-435\"\/><\/figure>\n\n\n\n<p><strong>CRISTIAN CAVIEDES S.<\/strong><\/p>\n\n\n\n<p>Equipo Gerencia&nbsp; - Contacto para trabajos en&nbsp; Regiones Metropolitana y&nbsp;de Valpara\u00edso<\/p>\n\n\n\n<p><strong>CCAVIEDES@SERBRIP.CL<\/strong>.   |   <strong>+569&nbsp; 9744 9462<\/strong><\/p>\n\n\n\n<div style=\"height:55px\" aria-hidden=\"true\" class=\"wp-block-spacer\"><\/div>\n\n\n\n<figure class=\"wp-block-image size-full is-resized\"><img loading=\"lazy\" decoding=\"async\" width=\"236\" height=\"270\" src=\"https:\/\/serbrip.cl\/wp-content\/uploads\/2025\/12\/image-32.png\" alt=\"\" class=\"wp-image-616\" style=\"aspect-ratio:0.8741126785874742;width:93px;height:auto\"\/><\/figure>\n\n\n\n<p><strong>JOS\u00c9 ZAMORANO O.<\/strong><\/p>\n\n\n\n<p>Equipo Gerencia- Contacto General<\/p>\n\n\n\n<p><strong>JZAMORANO@SERBRIP.CL<\/strong>    |    <strong>+569&nbsp; 9224&nbsp; 6957<\/strong><\/p>\n\n\n\n<h2 class=\"wp-block-heading\">Con\u00f3cenos en LinkedIn<\/h2>\n\n\n\n<p>www.linkedin.com\/<strong>\/ELECTRICIDAD-SERBRIP-LIMITADA<\/strong><\/p>\n","protected":false},"excerpt":{"rendered":"<p>Formulario de contacto: Casa Matriz: Las Verbenas 28,&nbsp;Rancagua Regi\u00f3n de O'Higgins. Tel\u00e9fono: (72) 258 5010 Gerentes H\u00c9CTOR BARRIGA O. Equipo Gerencia - Contacto para trabajos en Regi\u00f3n O\u2019Higgins, Proyectos Norte y Sur HBARRIGA@SERBRIP.CL | +569\u00a0 8436 6841 CRISTIAN CAVIEDES S. Equipo Gerencia&nbsp; - Contacto para trabajos en&nbsp; Regiones Metropolitana y&nbsp;de Valpara\u00edso CCAVIEDES@SERBRIP.CL. | +569&nbsp; 9744 [&hellip;]<\/p>\n","protected":false},"author":1,"featured_media":0,"parent":0,"menu_order":0,"comment_status":"closed","ping_status":"closed","template":"","meta":{"vkexunit_cta_each_option":"","footnotes":""},"class_list":["post-15","page","type-page","status-publish","hentry"],"yoast_head":"<!-- This site is optimized with the Yoast SEO plugin v27.4 - https:\/\/yoast.com\/product\/yoast-seo-wordpress\/ -->\n<title>Contacto - Serbrip<\/title>\n<meta name=\"robots\" content=\"index, follow, max-snippet:-1, max-image-preview:large, max-video-preview:-1\" \/>\n<link rel=\"canonical\" href=\"https:\/\/serbrip.cl\/index.php\/contacto\/\" \/>\n<meta property=\"og:locale\" content=\"es_ES\" \/>\n<meta property=\"og:type\" content=\"article\" \/>\n<meta property=\"og:title\" content=\"Contacto - Serbrip\" \/>\n<meta property=\"og:description\" content=\"Formulario de contacto: Casa Matriz: Las Verbenas 28,&nbsp;Rancagua Regi\u00f3n de O&#039;Higgins. Tel\u00e9fono: (72) 258 5010 Gerentes H\u00c9CTOR BARRIGA O. Equipo Gerencia - Contacto para trabajos en Regi\u00f3n O\u2019Higgins, Proyectos Norte y Sur HBARRIGA@SERBRIP.CL | +569\u00a0 8436 6841 CRISTIAN CAVIEDES S. Equipo Gerencia&nbsp; - Contacto para trabajos en&nbsp; Regiones Metropolitana y&nbsp;de Valpara\u00edso CCAVIEDES@SERBRIP.CL. | +569&nbsp; 9744 [&hellip;]\" \/>\n<meta property=\"og:url\" content=\"https:\/\/serbrip.cl\/index.php\/contacto\/\" \/>\n<meta property=\"og:site_name\" content=\"Serbrip\" \/>\n<meta property=\"article:modified_time\" content=\"2026-02-27T12:38:18+00:00\" \/>\n<meta property=\"og:image\" content=\"https:\/\/serbrip.cl\/wp-content\/uploads\/2025\/12\/image-11.png\" \/>\n\t<meta property=\"og:image:width\" content=\"91\" \/>\n\t<meta property=\"og:image:height\" content=\"96\" \/>\n\t<meta property=\"og:image:type\" content=\"image\/png\" \/>\n<meta name=\"twitter:card\" content=\"summary_large_image\" \/>\n<meta name=\"twitter:label1\" content=\"Tiempo de lectura\" \/>\n\t<meta name=\"twitter:data1\" content=\"1 minuto\" \/>\n<script type=\"application\/ld+json\" class=\"yoast-schema-graph\">{\"@context\":\"https:\\\/\\\/schema.org\",\"@graph\":[{\"@type\":\"WebPage\",\"@id\":\"https:\\\/\\\/serbrip.cl\\\/index.php\\\/contacto\\\/\",\"url\":\"https:\\\/\\\/serbrip.cl\\\/index.php\\\/contacto\\\/\",\"name\":\"Contacto - Serbrip\",\"isPartOf\":{\"@id\":\"https:\\\/\\\/serbrip.cl\\\/#website\"},\"primaryImageOfPage\":{\"@id\":\"https:\\\/\\\/serbrip.cl\\\/index.php\\\/contacto\\\/#primaryimage\"},\"image\":{\"@id\":\"https:\\\/\\\/serbrip.cl\\\/index.php\\\/contacto\\\/#primaryimage\"},\"thumbnailUrl\":\"https:\\\/\\\/serbrip.cl\\\/wp-content\\\/uploads\\\/2025\\\/12\\\/image-11.png\",\"datePublished\":\"2025-11-17T12:47:33+00:00\",\"dateModified\":\"2026-02-27T12:38:18+00:00\",\"breadcrumb\":{\"@id\":\"https:\\\/\\\/serbrip.cl\\\/index.php\\\/contacto\\\/#breadcrumb\"},\"inLanguage\":\"es\",\"potentialAction\":[{\"@type\":\"ReadAction\",\"target\":[\"https:\\\/\\\/serbrip.cl\\\/index.php\\\/contacto\\\/\"]}]},{\"@type\":\"ImageObject\",\"inLanguage\":\"es\",\"@id\":\"https:\\\/\\\/serbrip.cl\\\/index.php\\\/contacto\\\/#primaryimage\",\"url\":\"https:\\\/\\\/serbrip.cl\\\/wp-content\\\/uploads\\\/2025\\\/12\\\/image-11.png\",\"contentUrl\":\"https:\\\/\\\/serbrip.cl\\\/wp-content\\\/uploads\\\/2025\\\/12\\\/image-11.png\",\"width\":91,\"height\":96},{\"@type\":\"BreadcrumbList\",\"@id\":\"https:\\\/\\\/serbrip.cl\\\/index.php\\\/contacto\\\/#breadcrumb\",\"itemListElement\":[{\"@type\":\"ListItem\",\"position\":1,\"name\":\"Portada\",\"item\":\"https:\\\/\\\/serbrip.cl\\\/\"},{\"@type\":\"ListItem\",\"position\":2,\"name\":\"Contacto\"}]},{\"@type\":\"WebSite\",\"@id\":\"https:\\\/\\\/serbrip.cl\\\/#website\",\"url\":\"https:\\\/\\\/serbrip.cl\\\/\",\"name\":\"Serbrip\",\"description\":\"\",\"potentialAction\":[{\"@type\":\"SearchAction\",\"target\":{\"@type\":\"EntryPoint\",\"urlTemplate\":\"https:\\\/\\\/serbrip.cl\\\/?s={search_term_string}\"},\"query-input\":{\"@type\":\"PropertyValueSpecification\",\"valueRequired\":true,\"valueName\":\"search_term_string\"}}],\"inLanguage\":\"es\"}]}<\/script>\n<!-- \/ Yoast SEO plugin. -->","yoast_head_json":{"title":"Contacto - Serbrip","robots":{"index":"index","follow":"follow","max-snippet":"max-snippet:-1","max-image-preview":"max-image-preview:large","max-video-preview":"max-video-preview:-1"},"canonical":"https:\/\/serbrip.cl\/index.php\/contacto\/","og_locale":"es_ES","og_type":"article","og_title":"Contacto - Serbrip","og_description":"Formulario de contacto: Casa Matriz: Las Verbenas 28,&nbsp;Rancagua Regi\u00f3n de O'Higgins. Tel\u00e9fono: (72) 258 5010 Gerentes H\u00c9CTOR BARRIGA O. Equipo Gerencia - Contacto para trabajos en Regi\u00f3n O\u2019Higgins, Proyectos Norte y Sur HBARRIGA@SERBRIP.CL | +569\u00a0 8436 6841 CRISTIAN CAVIEDES S. Equipo Gerencia&nbsp; - Contacto para trabajos en&nbsp; Regiones Metropolitana y&nbsp;de Valpara\u00edso CCAVIEDES@SERBRIP.CL. | +569&nbsp; 9744 [&hellip;]","og_url":"https:\/\/serbrip.cl\/index.php\/contacto\/","og_site_name":"Serbrip","article_modified_time":"2026-02-27T12:38:18+00:00","og_image":[{"width":91,"height":96,"url":"https:\/\/serbrip.cl\/wp-content\/uploads\/2025\/12\/image-11.png","type":"image\/png"}],"twitter_card":"summary_large_image","twitter_misc":{"Tiempo de lectura":"1 minuto"},"schema":{"@context":"https:\/\/schema.org","@graph":[{"@type":"WebPage","@id":"https:\/\/serbrip.cl\/index.php\/contacto\/","url":"https:\/\/serbrip.cl\/index.php\/contacto\/","name":"Contacto - Serbrip","isPartOf":{"@id":"https:\/\/serbrip.cl\/#website"},"primaryImageOfPage":{"@id":"https:\/\/serbrip.cl\/index.php\/contacto\/#primaryimage"},"image":{"@id":"https:\/\/serbrip.cl\/index.php\/contacto\/#primaryimage"},"thumbnailUrl":"https:\/\/serbrip.cl\/wp-content\/uploads\/2025\/12\/image-11.png","datePublished":"2025-11-17T12:47:33+00:00","dateModified":"2026-02-27T12:38:18+00:00","breadcrumb":{"@id":"https:\/\/serbrip.cl\/index.php\/contacto\/#breadcrumb"},"inLanguage":"es","potentialAction":[{"@type":"ReadAction","target":["https:\/\/serbrip.cl\/index.php\/contacto\/"]}]},{"@type":"ImageObject","inLanguage":"es","@id":"https:\/\/serbrip.cl\/index.php\/contacto\/#primaryimage","url":"https:\/\/serbrip.cl\/wp-content\/uploads\/2025\/12\/image-11.png","contentUrl":"https:\/\/serbrip.cl\/wp-content\/uploads\/2025\/12\/image-11.png","width":91,"height":96},{"@type":"BreadcrumbList","@id":"https:\/\/serbrip.cl\/index.php\/contacto\/#breadcrumb","itemListElement":[{"@type":"ListItem","position":1,"name":"Portada","item":"https:\/\/serbrip.cl\/"},{"@type":"ListItem","position":2,"name":"Contacto"}]},{"@type":"WebSite","@id":"https:\/\/serbrip.cl\/#website","url":"https:\/\/serbrip.cl\/","name":"Serbrip","description":"","potentialAction":[{"@type":"SearchAction","target":{"@type":"EntryPoint","urlTemplate":"https:\/\/serbrip.cl\/?s={search_term_string}"},"query-input":{"@type":"PropertyValueSpecification","valueRequired":true,"valueName":"search_term_string"}}],"inLanguage":"es"}]}},"_links":{"self":[{"href":"https:\/\/serbrip.cl\/index.php\/wp-json\/wp\/v2\/pages\/15","targetHints":{"allow":["GET"]}}],"collection":[{"href":"https:\/\/serbrip.cl\/index.php\/wp-json\/wp\/v2\/pages"}],"about":[{"href":"https:\/\/serbrip.cl\/index.php\/wp-json\/wp\/v2\/types\/page"}],"author":[{"embeddable":true,"href":"https:\/\/serbrip.cl\/index.php\/wp-json\/wp\/v2\/users\/1"}],"replies":[{"embeddable":true,"href":"https:\/\/serbrip.cl\/index.php\/wp-json\/wp\/v2\/comments?post=15"}],"version-history":[{"count":20,"href":"https:\/\/serbrip.cl\/index.php\/wp-json\/wp\/v2\/pages\/15\/revisions"}],"predecessor-version":[{"id":705,"href":"https:\/\/serbrip.cl\/index.php\/wp-json\/wp\/v2\/pages\/15\/revisions\/705"}],"wp:attachment":[{"href":"https:\/\/serbrip.cl\/index.php\/wp-json\/wp\/v2\/media?parent=15"}],"curies":[{"name":"wp","href":"https:\/\/api.w.org\/{rel}","templated":true}]}}