{"id":14,"date":"2025-11-17T12:47:33","date_gmt":"2025-11-17T12:47:33","guid":{"rendered":"https:\/\/serbrip.cl\/?page_id=14"},"modified":"2026-01-15T13:00:15","modified_gmt":"2026-01-15T13:00:15","slug":"nosotros","status":"publish","type":"page","link":"https:\/\/serbrip.cl\/index.php\/nosotros\/","title":{"rendered":"Nosotros"},"content":{"rendered":"\n<p>Somos una empresa chilena del rubro el\u00e9ctrico que nace en el a\u00f1o 1997. Nuestra casa matriz se ubica en la ciudad de Rancagua y mantenemos base de operaci\u00f3n en la provincia de Melipilla. Contamos con una basta experiencia ofreciendo soluciones en servicios de Transmisi\u00f3n y distribuci\u00f3n.<\/p>\n\n\n\n<p><\/p>\n\n\n\n<p><strong>MISI\u00d3N<\/strong><\/p>\n\n\n\n<p>Entregar soluciones el\u00e9ctricas integrales, seguras y eficientes, en construcci\u00f3n, mantenimiento y optimizaci\u00f3n de redes el\u00e9ctricas en baja, media y alta tensi\u00f3n a lo largo de todo Chile, destacando como una de las empresas contratistas m\u00e1s relevantes en las regiones Metropolitana y O\u2019Higgins, garantizando la continuidad operativa de nuestros clientes mediante gesti\u00f3n experta, trabajos certificados y relaciones de confianza a largo plazo.<\/p>\n\n\n\n<p><\/p>\n\n\n\n<p><strong>VISI\u00d3N<\/strong><\/p>\n\n\n\n<p>Ser la empresa contratista l\u00edder en construcci\u00f3n, mantenimiento y optimizaci\u00f3n de redes el\u00e9ctricas, consolidando nuestra presencia en el pa\u00eds y expandiendo nuestras operaciones a nivel nacional, aspirando a ser reconocidos como el socio estrat\u00e9gico por excelencia por las principales compa\u00f1\u00edas el\u00e9ctricas y proyectos energ\u00e9ticos en Chile, avanzando cada d\u00eda en la innovaci\u00f3n, seguridad y excelencia operacional en cada servicio que entregamos.<\/p>\n\n\n\n<p><\/p>\n\n\n\n<h2 class=\"wp-block-heading\">Equipo de Gerencia<\/h2>\n\n\n\n<p><em>Trayectoria consolidada en el sector el\u00e9ctrico, energ\u00e9tico y de gesti\u00f3n empresarial <\/em>.<\/p>\n\n\n\n<figure class=\"wp-block-image size-large is-resized\"><img loading=\"lazy\" decoding=\"async\" width=\"1024\" height=\"948\" src=\"https:\/\/serbrip.cl\/wp-content\/uploads\/2026\/01\/Equipo-gerencia-1024x948.jpg\" alt=\"\" class=\"wp-image-620\" style=\"aspect-ratio:1.080184981972096;width:414px;height:auto\" srcset=\"https:\/\/serbrip.cl\/wp-content\/uploads\/2026\/01\/Equipo-gerencia-1024x948.jpg 1024w, https:\/\/serbrip.cl\/wp-content\/uploads\/2026\/01\/Equipo-gerencia-300x278.jpg 300w, https:\/\/serbrip.cl\/wp-content\/uploads\/2026\/01\/Equipo-gerencia-768x711.jpg 768w, https:\/\/serbrip.cl\/wp-content\/uploads\/2026\/01\/Equipo-gerencia-1536x1422.jpg 1536w, https:\/\/serbrip.cl\/wp-content\/uploads\/2026\/01\/Equipo-gerencia-2048x1895.jpg 2048w\" sizes=\"auto, (max-width: 1024px) 100vw, 1024px\" \/><\/figure>\n\n\n\n<p>Su formaci\u00f3n abarca Ingenier\u00eda El\u00e9ctrica, Industrial, Civil, Comercial y Prevenci\u00f3n de Riesgos, junto con especializaciones en administraci\u00f3n, finanzas, seguridad y salud. Su&nbsp;<strong>trayectoria&nbsp;<\/strong>se ha consolidado en reconocidas compa\u00f1\u00edas como&nbsp;<strong>CGE, ENEL, Endesa, Colb\u00fan, Naturgy, Metrogas, Transelec,<\/strong>&nbsp;entre otras.<\/p>\n\n\n\n<p>La visi\u00f3n de nuestro equipo integra el&nbsp;<strong>conocimiento t\u00e9cnico con una mirada estrat\u00e9gica y humana<\/strong>, asegurando excelencia en cada desaf\u00edo. Equipo capaz de enfrentar los retos del sector, innovar con soluciones de valor y&nbsp;<strong>garantizar resultados sostenibles en el tiempo<\/strong>. Una combinaci\u00f3n de experiencia, visi\u00f3n y compromiso que constituye el verdadero motor de nuestra empresa.<\/p>\n\n\n\n<p><\/p>\n\n\n\n<h2 class=\"wp-block-heading\">Alcance Geogr\u00e1fico<\/h2>\n\n\n\n<div class=\"wp-block-group is-nowrap is-layout-flex wp-container-core-group-is-layout-ad2f72ca wp-block-group-is-layout-flex\">\n<figure class=\"wp-block-image size-full\"><img loading=\"lazy\" decoding=\"async\" width=\"197\" height=\"666\" src=\"https:\/\/serbrip.cl\/wp-content\/uploads\/2026\/01\/mapa.png\" alt=\"\" class=\"wp-image-625\" srcset=\"https:\/\/serbrip.cl\/wp-content\/uploads\/2026\/01\/mapa.png 197w, https:\/\/serbrip.cl\/wp-content\/uploads\/2026\/01\/mapa-89x300.png 89w\" sizes=\"auto, (max-width: 197px) 100vw, 197px\" \/><\/figure>\n\n\n\n<ul class=\"wp-block-list\">\n<li>Bases operacionales en regiones Metropolitana y de O'Higgins.<\/li>\n\n\n\n<li>Proyectos en zonas Norte, Centro y Sur, desde Antofagasta hasta Puerto Montt.<\/li>\n<\/ul>\n<\/div>\n\n\n\n<div class=\"wp-block-buttons is-layout-flex wp-block-buttons-is-layout-flex\">\n<div class=\"wp-block-button\"><a class=\"wp-block-button__link wp-element-button\" href=\"https:\/\/serbrip.cl\/index.php\/alcance-geografico\/\">Leer m\u00e1s<\/a><\/div>\n<\/div>\n\n\n\n<p><\/p>\n\n\n\n<h2 class=\"wp-block-heading\">\u00bfPOR QU\u00c9 ELEGIRNOS?<\/h2>\n\n\n\n<p>Contamos con m\u00e1s de\u00a0<strong>27 a\u00f1os de experiencia\u00a0<\/strong>continua en el rubro el\u00e9ctrico. Serbrip se ha consolidado como un\u00a0socio estrat\u00e9gico para empresas\u00a0que requieren<strong> construcci\u00f3n, mantenimiento y optimizaci\u00f3n de sus redes el\u00e9ctricas<\/strong>, en\u00a0baja, media o alta tensi\u00f3n.<\/p>\n\n\n\n<p>Nuestro compromiso es\u00a0garantizar la continuidad operativa\u00a0de cada proyecto, ofreciendo soluciones que van desde la <strong>instalaci\u00f3n y refuerzo de l\u00edneas, poda en l\u00edneas energizadas, contratos de construcci\u00f3n hasta gesti\u00f3n integral de proyectos el\u00e9ctricos<\/strong> en todo tipo de rubro para\u00a0transmisi\u00f3n, distribuci\u00f3n, energ\u00edas renovables, industrias de alimentos, industria minera, entre otros.<\/p>\n\n\n\n<figure class=\"wp-block-image size-large is-resized\"><img loading=\"lazy\" decoding=\"async\" width=\"1920\" height=\"2560\" src=\"https:\/\/serbrip.cl\/wp-content\/uploads\/2026\/01\/IMG_20250321_021906_HDR-edited-scaled.jpg\" alt=\"\" class=\"wp-image-631\" style=\"aspect-ratio:0.7500068029062015;width:424px;height:auto\" srcset=\"https:\/\/serbrip.cl\/wp-content\/uploads\/2026\/01\/IMG_20250321_021906_HDR-edited-scaled.jpg 1920w, https:\/\/serbrip.cl\/wp-content\/uploads\/2026\/01\/IMG_20250321_021906_HDR-edited-225x300.jpg 225w, https:\/\/serbrip.cl\/wp-content\/uploads\/2026\/01\/IMG_20250321_021906_HDR-edited-768x1024.jpg 768w, https:\/\/serbrip.cl\/wp-content\/uploads\/2026\/01\/IMG_20250321_021906_HDR-edited-1152x1536.jpg 1152w, https:\/\/serbrip.cl\/wp-content\/uploads\/2026\/01\/IMG_20250321_021906_HDR-edited-1536x2048.jpg 1536w\" sizes=\"auto, (max-width: 1920px) 100vw, 1920px\" \/><\/figure>\n\n\n\n<p><br>Contamos con un\u00a0equipo con una vasta experiencia en empresas l\u00edderes del rubro como<strong> CGE Distribuci\u00f3n, CGE Transmisi\u00f3n y ENEL, <\/strong>manteniendo\u00a0relaciones de largo plazo gracias a nuestra capacidad de gesti\u00f3n, seguridad certificada ISO, y cumplimiento de altos est\u00e1ndares de calidad.<\/p>\n\n\n\n<p><\/p>\n","protected":false},"excerpt":{"rendered":"<p>Somos una empresa chilena del rubro el\u00e9ctrico que nace en el a\u00f1o 1997. Nuestra casa matriz se ubica en la ciudad de Rancagua y mantenemos base de operaci\u00f3n en la provincia de Melipilla. Contamos con una basta experiencia ofreciendo soluciones en servicios de Transmisi\u00f3n y distribuci\u00f3n. MISI\u00d3N Entregar soluciones el\u00e9ctricas integrales, seguras y eficientes, en [&hellip;]<\/p>\n","protected":false},"author":1,"featured_media":0,"parent":0,"menu_order":0,"comment_status":"closed","ping_status":"closed","template":"","meta":{"vkexunit_cta_each_option":"","footnotes":""},"class_list":["post-14","page","type-page","status-publish","hentry"],"yoast_head":"<!-- This site is optimized with the Yoast SEO plugin v27.4 - https:\/\/yoast.com\/product\/yoast-seo-wordpress\/ -->\n<title>Nosotros - Serbrip<\/title>\n<meta name=\"robots\" content=\"index, follow, max-snippet:-1, max-image-preview:large, max-video-preview:-1\" \/>\n<link rel=\"canonical\" href=\"https:\/\/serbrip.cl\/index.php\/nosotros\/\" \/>\n<meta property=\"og:locale\" content=\"es_ES\" \/>\n<meta property=\"og:type\" content=\"article\" \/>\n<meta property=\"og:title\" content=\"Nosotros - Serbrip\" \/>\n<meta property=\"og:description\" content=\"Somos una empresa chilena del rubro el\u00e9ctrico que nace en el a\u00f1o 1997. Nuestra casa matriz se ubica en la ciudad de Rancagua y mantenemos base de operaci\u00f3n en la provincia de Melipilla. Contamos con una basta experiencia ofreciendo soluciones en servicios de Transmisi\u00f3n y distribuci\u00f3n. MISI\u00d3N Entregar soluciones el\u00e9ctricas integrales, seguras y eficientes, en [&hellip;]\" \/>\n<meta property=\"og:url\" content=\"https:\/\/serbrip.cl\/index.php\/nosotros\/\" \/>\n<meta property=\"og:site_name\" content=\"Serbrip\" \/>\n<meta property=\"article:modified_time\" content=\"2026-01-15T13:00:15+00:00\" \/>\n<meta property=\"og:image\" content=\"https:\/\/serbrip.cl\/wp-content\/uploads\/2026\/01\/Equipo-gerencia-scaled.jpg\" \/>\n\t<meta property=\"og:image:width\" content=\"2560\" \/>\n\t<meta property=\"og:image:height\" content=\"2369\" \/>\n\t<meta property=\"og:image:type\" content=\"image\/jpeg\" \/>\n<meta name=\"twitter:card\" content=\"summary_large_image\" \/>\n<meta name=\"twitter:label1\" content=\"Tiempo de lectura\" \/>\n\t<meta name=\"twitter:data1\" content=\"3 minutos\" \/>\n<script type=\"application\/ld+json\" class=\"yoast-schema-graph\">{\"@context\":\"https:\\\/\\\/schema.org\",\"@graph\":[{\"@type\":\"WebPage\",\"@id\":\"https:\\\/\\\/serbrip.cl\\\/index.php\\\/nosotros\\\/\",\"url\":\"https:\\\/\\\/serbrip.cl\\\/index.php\\\/nosotros\\\/\",\"name\":\"Nosotros - Serbrip\",\"isPartOf\":{\"@id\":\"https:\\\/\\\/serbrip.cl\\\/#website\"},\"primaryImageOfPage\":{\"@id\":\"https:\\\/\\\/serbrip.cl\\\/index.php\\\/nosotros\\\/#primaryimage\"},\"image\":{\"@id\":\"https:\\\/\\\/serbrip.cl\\\/index.php\\\/nosotros\\\/#primaryimage\"},\"thumbnailUrl\":\"https:\\\/\\\/serbrip.cl\\\/wp-content\\\/uploads\\\/2026\\\/01\\\/Equipo-gerencia-1024x948.jpg\",\"datePublished\":\"2025-11-17T12:47:33+00:00\",\"dateModified\":\"2026-01-15T13:00:15+00:00\",\"breadcrumb\":{\"@id\":\"https:\\\/\\\/serbrip.cl\\\/index.php\\\/nosotros\\\/#breadcrumb\"},\"inLanguage\":\"es\",\"potentialAction\":[{\"@type\":\"ReadAction\",\"target\":[\"https:\\\/\\\/serbrip.cl\\\/index.php\\\/nosotros\\\/\"]}]},{\"@type\":\"ImageObject\",\"inLanguage\":\"es\",\"@id\":\"https:\\\/\\\/serbrip.cl\\\/index.php\\\/nosotros\\\/#primaryimage\",\"url\":\"https:\\\/\\\/serbrip.cl\\\/wp-content\\\/uploads\\\/2026\\\/01\\\/Equipo-gerencia-scaled.jpg\",\"contentUrl\":\"https:\\\/\\\/serbrip.cl\\\/wp-content\\\/uploads\\\/2026\\\/01\\\/Equipo-gerencia-scaled.jpg\",\"width\":2560,\"height\":2369},{\"@type\":\"BreadcrumbList\",\"@id\":\"https:\\\/\\\/serbrip.cl\\\/index.php\\\/nosotros\\\/#breadcrumb\",\"itemListElement\":[{\"@type\":\"ListItem\",\"position\":1,\"name\":\"Portada\",\"item\":\"https:\\\/\\\/serbrip.cl\\\/\"},{\"@type\":\"ListItem\",\"position\":2,\"name\":\"Nosotros\"}]},{\"@type\":\"WebSite\",\"@id\":\"https:\\\/\\\/serbrip.cl\\\/#website\",\"url\":\"https:\\\/\\\/serbrip.cl\\\/\",\"name\":\"Serbrip\",\"description\":\"\",\"potentialAction\":[{\"@type\":\"SearchAction\",\"target\":{\"@type\":\"EntryPoint\",\"urlTemplate\":\"https:\\\/\\\/serbrip.cl\\\/?s={search_term_string}\"},\"query-input\":{\"@type\":\"PropertyValueSpecification\",\"valueRequired\":true,\"valueName\":\"search_term_string\"}}],\"inLanguage\":\"es\"}]}<\/script>\n<!-- \/ Yoast SEO plugin. -->","yoast_head_json":{"title":"Nosotros - Serbrip","robots":{"index":"index","follow":"follow","max-snippet":"max-snippet:-1","max-image-preview":"max-image-preview:large","max-video-preview":"max-video-preview:-1"},"canonical":"https:\/\/serbrip.cl\/index.php\/nosotros\/","og_locale":"es_ES","og_type":"article","og_title":"Nosotros - Serbrip","og_description":"Somos una empresa chilena del rubro el\u00e9ctrico que nace en el a\u00f1o 1997. Nuestra casa matriz se ubica en la ciudad de Rancagua y mantenemos base de operaci\u00f3n en la provincia de Melipilla. Contamos con una basta experiencia ofreciendo soluciones en servicios de Transmisi\u00f3n y distribuci\u00f3n. MISI\u00d3N Entregar soluciones el\u00e9ctricas integrales, seguras y eficientes, en [&hellip;]","og_url":"https:\/\/serbrip.cl\/index.php\/nosotros\/","og_site_name":"Serbrip","article_modified_time":"2026-01-15T13:00:15+00:00","og_image":[{"width":2560,"height":2369,"url":"https:\/\/serbrip.cl\/wp-content\/uploads\/2026\/01\/Equipo-gerencia-scaled.jpg","type":"image\/jpeg"}],"twitter_card":"summary_large_image","twitter_misc":{"Tiempo de lectura":"3 minutos"},"schema":{"@context":"https:\/\/schema.org","@graph":[{"@type":"WebPage","@id":"https:\/\/serbrip.cl\/index.php\/nosotros\/","url":"https:\/\/serbrip.cl\/index.php\/nosotros\/","name":"Nosotros - Serbrip","isPartOf":{"@id":"https:\/\/serbrip.cl\/#website"},"primaryImageOfPage":{"@id":"https:\/\/serbrip.cl\/index.php\/nosotros\/#primaryimage"},"image":{"@id":"https:\/\/serbrip.cl\/index.php\/nosotros\/#primaryimage"},"thumbnailUrl":"https:\/\/serbrip.cl\/wp-content\/uploads\/2026\/01\/Equipo-gerencia-1024x948.jpg","datePublished":"2025-11-17T12:47:33+00:00","dateModified":"2026-01-15T13:00:15+00:00","breadcrumb":{"@id":"https:\/\/serbrip.cl\/index.php\/nosotros\/#breadcrumb"},"inLanguage":"es","potentialAction":[{"@type":"ReadAction","target":["https:\/\/serbrip.cl\/index.php\/nosotros\/"]}]},{"@type":"ImageObject","inLanguage":"es","@id":"https:\/\/serbrip.cl\/index.php\/nosotros\/#primaryimage","url":"https:\/\/serbrip.cl\/wp-content\/uploads\/2026\/01\/Equipo-gerencia-scaled.jpg","contentUrl":"https:\/\/serbrip.cl\/wp-content\/uploads\/2026\/01\/Equipo-gerencia-scaled.jpg","width":2560,"height":2369},{"@type":"BreadcrumbList","@id":"https:\/\/serbrip.cl\/index.php\/nosotros\/#breadcrumb","itemListElement":[{"@type":"ListItem","position":1,"name":"Portada","item":"https:\/\/serbrip.cl\/"},{"@type":"ListItem","position":2,"name":"Nosotros"}]},{"@type":"WebSite","@id":"https:\/\/serbrip.cl\/#website","url":"https:\/\/serbrip.cl\/","name":"Serbrip","description":"","potentialAction":[{"@type":"SearchAction","target":{"@type":"EntryPoint","urlTemplate":"https:\/\/serbrip.cl\/?s={search_term_string}"},"query-input":{"@type":"PropertyValueSpecification","valueRequired":true,"valueName":"search_term_string"}}],"inLanguage":"es"}]}},"_links":{"self":[{"href":"https:\/\/serbrip.cl\/index.php\/wp-json\/wp\/v2\/pages\/14","targetHints":{"allow":["GET"]}}],"collection":[{"href":"https:\/\/serbrip.cl\/index.php\/wp-json\/wp\/v2\/pages"}],"about":[{"href":"https:\/\/serbrip.cl\/index.php\/wp-json\/wp\/v2\/types\/page"}],"author":[{"embeddable":true,"href":"https:\/\/serbrip.cl\/index.php\/wp-json\/wp\/v2\/users\/1"}],"replies":[{"embeddable":true,"href":"https:\/\/serbrip.cl\/index.php\/wp-json\/wp\/v2\/comments?post=14"}],"version-history":[{"count":20,"href":"https:\/\/serbrip.cl\/index.php\/wp-json\/wp\/v2\/pages\/14\/revisions"}],"predecessor-version":[{"id":632,"href":"https:\/\/serbrip.cl\/index.php\/wp-json\/wp\/v2\/pages\/14\/revisions\/632"}],"wp:attachment":[{"href":"https:\/\/serbrip.cl\/index.php\/wp-json\/wp\/v2\/media?parent=14"}],"curies":[{"name":"wp","href":"https:\/\/api.w.org\/{rel}","templated":true}]}}