{"id":13,"date":"2025-11-17T12:47:33","date_gmt":"2025-11-17T12:47:33","guid":{"rendered":"https:\/\/serbrip.cl\/?page_id=13"},"modified":"2026-04-07T17:02:30","modified_gmt":"2026-04-07T17:02:30","slug":"home","status":"publish","type":"page","link":"https:\/\/serbrip.cl\/","title":{"rendered":"NUESTROS SERVICIOS"},"content":{"rendered":"\n<h2 class=\"wp-block-heading\">NUESTROS SERVICIOS<\/h2>\n\n\n\n<div class=\"wp-block-columns is-layout-flex wp-container-core-columns-is-layout-3a683060 wp-block-columns-is-layout-flex\" style=\"margin-bottom:var(--wp--preset--spacing--60)\">\n<div class=\"wp-block-column is-layout-flow wp-block-column-is-layout-flow\"><div class=\"wp-block-image\">\n<figure class=\"aligncenter size-full is-resized\"><img loading=\"lazy\" decoding=\"async\" width=\"494\" height=\"361\" src=\"https:\/\/serbrip.cl\/wp-content\/uploads\/2026\/04\/Foto-1-nuestros-servicios-mejorada-1.png\" alt=\"\" class=\"wp-image-735\" style=\"aspect-ratio:3\/2;object-fit:cover;width:535px;height:auto\" srcset=\"https:\/\/serbrip.cl\/wp-content\/uploads\/2026\/04\/Foto-1-nuestros-servicios-mejorada-1.png 494w, https:\/\/serbrip.cl\/wp-content\/uploads\/2026\/04\/Foto-1-nuestros-servicios-mejorada-1-300x219.png 300w\" sizes=\"auto, (max-width: 494px) 100vw, 494px\" \/><\/figure>\n<\/div>\n\n\n<h5 class=\"wp-block-heading\" id=\"vk-blocks\" style=\"margin-top:1.5rem;margin-bottom:1rem\">CONSTRUCCI\u00d3N Y MANTENIMIENTO<\/h5>\n\n\n\n<p><\/p>\n\n\n\n<p><strong>Distribuci\u00f3n<\/strong><\/p>\n\n\n\n<p>Mantenemos contrato integral con CGE en \u00e1rea de construcci\u00f3n y mantenimiento en regi\u00f3n Metropolitana, donde desarrollamos trabajos tales como refuerzos de conductor en alimentadores, construcci\u00f3n de nuevas urbanizaciones el\u00e9ctricas, Obras Civiles y El\u00e9ctricas, construcci\u00f3n de Nuevas SED\u2013 y todo lo relacionado con nuevos proyectos para CGE.<\/p>\n\n\n\n<div class=\"wp-block-buttons is-layout-flex wp-block-buttons-is-layout-flex\">\n<div class=\"wp-block-button\"><a class=\"wp-block-button__link wp-element-button\" href=\"https:\/\/serbrip.cl\/index.php\/distribucion\/\">Leer m\u00e1s<\/a><\/div>\n<\/div>\n\n\n\n<p><\/p>\n\n\n\n<p><strong>Transmisi\u00f3n<\/strong><\/p>\n\n\n\n<p>Realizamos Inspecciones pedestres \u2013 Inspecciones de LAT con Dron\u2013 Mantenimientos de LAT hasta 154kv \u2013 mantenimiento de equipos primarios en SSEE de Poder- mantenimientos menores e Inspecciones de SSEE de poder\u2013Poda y tala en LAT hasta 154kv, etc.<\/p>\n\n\n\n<div class=\"wp-block-buttons is-layout-flex wp-block-buttons-is-layout-flex\">\n<div class=\"wp-block-button\"><a class=\"wp-block-button__link wp-element-button\" href=\"https:\/\/serbrip.cl\/index.php\/transmision-2\/\">Leer m\u00e1s<\/a><\/div>\n<\/div>\n<\/div>\n\n\n\n<div class=\"wp-block-column is-layout-flow wp-block-column-is-layout-flow\"><div class=\"wp-block-image\">\n<figure class=\"aligncenter size-full is-resized\"><img loading=\"lazy\" decoding=\"async\" width=\"737\" height=\"1103\" src=\"https:\/\/serbrip.cl\/wp-content\/uploads\/2025\/12\/Gral-trans-1.png\" alt=\"\" class=\"wp-image-386\" style=\"aspect-ratio:1.5;object-fit:cover;width:533px;height:auto\" srcset=\"https:\/\/serbrip.cl\/wp-content\/uploads\/2025\/12\/Gral-trans-1.png 737w, https:\/\/serbrip.cl\/wp-content\/uploads\/2025\/12\/Gral-trans-1-200x300.png 200w, https:\/\/serbrip.cl\/wp-content\/uploads\/2025\/12\/Gral-trans-1-684x1024.png 684w\" sizes=\"auto, (max-width: 737px) 100vw, 737px\" \/><\/figure>\n<\/div>\n\n\n<h5 class=\"wp-block-heading\" id=\"vk-blocks\" style=\"margin-top:1.5rem;margin-bottom:1rem\">CLIENTES INDUSTRIALES<\/h5>\n\n\n\n<p>Generaci\u00f3n renovable y  otros clientes.<\/p>\n\n\n\n<div class=\"wp-block-buttons is-layout-flex wp-block-buttons-is-layout-flex\">\n<div class=\"wp-block-button\"><a class=\"wp-block-button__link wp-element-button\" href=\"https:\/\/serbrip.cl\/index.php\/pagina-en-construccion\/\">Leer m\u00e1s<\/a><\/div>\n<\/div>\n\n\n\n<p><\/p>\n\n\n\n<p>Soluciones a la Miner\u00eda y clientes industriales<\/p>\n\n\n\n<div class=\"wp-block-buttons is-layout-flex wp-block-buttons-is-layout-flex\">\n<div class=\"wp-block-button\"><a class=\"wp-block-button__link wp-element-button\" href=\"https:\/\/serbrip.cl\/index.php\/pagina-en-construccion\/\">Leer m\u00e1s<\/a><\/div>\n<\/div>\n\n\n\n<p><\/p>\n<\/div>\n<\/div>\n\n\n\n<h2 class=\"wp-block-heading\">CONF\u00cdAN EN NOSOTROS<\/h2>\n\n\n\n<div class=\"wp-block-group\"><div class=\"wp-block-group__inner-container is-layout-constrained wp-block-group-is-layout-constrained\">\n<figure class=\"wp-block-image size-full\"><img loading=\"lazy\" decoding=\"async\" width=\"1013\" height=\"294\" src=\"https:\/\/serbrip.cl\/wp-content\/uploads\/2025\/11\/Clientes-1.png\" alt=\"\" class=\"wp-image-152\" srcset=\"https:\/\/serbrip.cl\/wp-content\/uploads\/2025\/11\/Clientes-1.png 1013w, https:\/\/serbrip.cl\/wp-content\/uploads\/2025\/11\/Clientes-1-300x87.png 300w, https:\/\/serbrip.cl\/wp-content\/uploads\/2025\/11\/Clientes-1-768x223.png 768w\" sizes=\"auto, (max-width: 1013px) 100vw, 1013px\" \/><\/figure>\n<\/div><\/div>\n\n\n\n<h2 class=\"wp-block-heading\">\u00bfPOR QU\u00c9 ELEGIRNOS?<\/h2>\n\n\n\n<ul class=\"wp-block-list\">\n<li>M\u00e1s de dos d\u00e9cadas de experiencia<\/li>\n\n\n\n<li>Socio estrat\u00e9gico para todo tipo de industria - clientes. <\/li>\n\n\n\n<li>Todo tipo de trabajo en baja, media o alta tensi\u00f3n.<strong><br><\/strong><\/li>\n<\/ul>\n\n\n\n<pre class=\"wp-block-verse\"><\/pre>\n\n\n\n<div class=\"wp-block-buttons is-layout-flex wp-block-buttons-is-layout-flex\">\n<div class=\"wp-block-button\"><a class=\"wp-block-button__link wp-element-button\" href=\"https:\/\/serbrip.cl\/index.php\/por-que-elegirnos-4\/\">Leer m\u00e1s<\/a><\/div>\n<\/div>\n\n\n\n<p><\/p>\n\n\n\n<h2 class=\"wp-block-heading alignfull has-text-align-center\"><strong>Noticias destacadas - LinkedIn<\/strong><\/h2>\n\n\n\n<p class=\"has-text-align-left\"><\/p>\n\n\n\n<ul class=\"wp-block-list\">\n<li><strong>Serbrip participa en RPEC Quinta-Melipilla<\/strong><\/li>\n<\/ul>\n\n\n\n<p><\/p>\n\n\n<div class=\"wp-block-image\">\n<figure class=\"alignleft size-large is-resized\"><img loading=\"lazy\" decoding=\"async\" width=\"1024\" height=\"760\" src=\"https:\/\/serbrip.cl\/wp-content\/uploads\/2026\/01\/image001-1024x760.png\" alt=\"\" class=\"wp-image-643\" style=\"aspect-ratio:1.347457627118644;width:124px;height:auto\" srcset=\"https:\/\/serbrip.cl\/wp-content\/uploads\/2026\/01\/image001-1024x760.png 1024w, https:\/\/serbrip.cl\/wp-content\/uploads\/2026\/01\/image001-300x223.png 300w, https:\/\/serbrip.cl\/wp-content\/uploads\/2026\/01\/image001-768x570.png 768w, https:\/\/serbrip.cl\/wp-content\/uploads\/2026\/01\/image001.png 1046w\" sizes=\"auto, (max-width: 1024px) 100vw, 1024px\" \/><\/figure>\n<\/div>\n\n\n<p>La reuni\u00f3n tuvo como objetivo dar contacto de seguridad, compartir el aprendizaje obtenidos y reforzar las mejores pr\u00e1cticas en materia de seguridad, para conocimiento y beneficio de la audiencia. En ella participaron altos ejecutivos de CGE y la totalidad de las empresas contratistas de la Zonal Quinta Melipilla.<\/p>\n\n\n\n<p><\/p>\n\n\n\n<ul class=\"wp-block-list\">\n<li class=\"vk_block-margin-xl--margin-top\"><strong><strong>Capacitaci\u00f3n sobre Trastornos Musculoesquel\u00e9ticos - Mutual \u2013 QM<\/strong><\/strong><\/li>\n<\/ul>\n\n\n\n<p><\/p>\n\n\n<div class=\"wp-block-image\">\n<figure class=\"alignleft size-large is-resized\"><img loading=\"lazy\" decoding=\"async\" width=\"1024\" height=\"649\" src=\"https:\/\/serbrip.cl\/wp-content\/uploads\/2026\/01\/image002-1-1024x649.png\" alt=\"\" class=\"wp-image-659\" style=\"aspect-ratio:1.347457627118644;width:124px;height:auto\" srcset=\"https:\/\/serbrip.cl\/wp-content\/uploads\/2026\/01\/image002-1-1024x649.png 1024w, https:\/\/serbrip.cl\/wp-content\/uploads\/2026\/01\/image002-1-300x190.png 300w, https:\/\/serbrip.cl\/wp-content\/uploads\/2026\/01\/image002-1-768x487.png 768w, https:\/\/serbrip.cl\/wp-content\/uploads\/2026\/01\/image002-1.png 1027w\" sizes=\"auto, (max-width: 1024px) 100vw, 1024px\" \/><\/figure>\n<\/div>\n\n\n<p>En la ma\u00f1ana del viernes 24 de octubre, en las instalaciones de Serbrip Melipilla, se llev\u00f3 a cabo una capacitaci\u00f3n basada en el protocolo TMERT (Trastorno Musculoesquel\u00e9tico Relacionado al Trabajo), dirigida tanto al personal administrativo como de terreno.<\/p>\n\n\n\n<p>La actividad tuvo como objetivo identificar, prevenir y controlar los factores de riesgo presentes en el entorno laboral que pueden generar trastornos musculoesquel\u00e9ticos, los cuales, de no abordarse a tiempo, podr\u00edan derivar en enfermedades profesionales a futuro.<\/p>\n\n\n\n<p><\/p>\n\n\n\n<p><\/p>\n\n\n\n<hr class=\"wp-block-separator has-alpha-channel-opacity\"\/>\n\n\n\n<div class=\"wp-block-columns is-layout-flex wp-container-core-columns-is-layout-9d6595d7 wp-block-columns-is-layout-flex\">\n<div class=\"wp-block-column is-layout-flow wp-block-column-is-layout-flow\"><div class=\"wp-block-image\">\n<figure class=\"alignleft size-full is-resized\"><a href=\"http:\/\/www.linkedin.com\/in\/electricidad-serbrip-aa9a703aa\" target=\"_blank\" rel=\" noreferrer noopener\"><img loading=\"lazy\" decoding=\"async\" width=\"960\" height=\"960\" src=\"https:\/\/serbrip.cl\/wp-content\/uploads\/2026\/01\/LinkedIn_icon.svg_-1.png\" alt=\"\" class=\"wp-image-675\" style=\"width:68px;height:auto\" srcset=\"https:\/\/serbrip.cl\/wp-content\/uploads\/2026\/01\/LinkedIn_icon.svg_-1.png 960w, https:\/\/serbrip.cl\/wp-content\/uploads\/2026\/01\/LinkedIn_icon.svg_-1-300x300.png 300w, https:\/\/serbrip.cl\/wp-content\/uploads\/2026\/01\/LinkedIn_icon.svg_-1-150x150.png 150w, https:\/\/serbrip.cl\/wp-content\/uploads\/2026\/01\/LinkedIn_icon.svg_-1-768x768.png 768w\" sizes=\"auto, (max-width: 960px) 100vw, 960px\" \/><\/a><\/figure>\n<\/div><\/div>\n\n\n\n<div class=\"wp-block-column is-layout-flow wp-block-column-is-layout-flow\">\n<p><\/p>\n<\/div>\n<\/div>\n\n\n\n<p><strong><a href=\"http:\/\/www.linkedin.com\/in\/electricidad-serbrip-aa9a703aa\" type=\"link\" id=\"www.linkedin.com\/in\/electricidad-serbrip-aa9a703aa\">Vis\u00edtanos en LinkedIn para m\u00e1s noticias. Click aqu\u00ed<\/a><\/strong><\/p>\n\n\n\n<p><\/p>\n","protected":false},"excerpt":{"rendered":"<p>NUESTROS SERVICIOS CONSTRUCCI\u00d3N Y MANTENIMIENTO Distribuci\u00f3n Mantenemos contrato integral con CGE en \u00e1rea de construcci\u00f3n y mantenimiento en regi\u00f3n Metropolitana, donde desarrollamos trabajos tales como refuerzos de conductor en alimentadores, construcci\u00f3n de nuevas urbanizaciones el\u00e9ctricas, Obras Civiles y El\u00e9ctricas, construcci\u00f3n de Nuevas SED\u2013 y todo lo relacionado con nuevos proyectos para CGE. Transmisi\u00f3n Realizamos Inspecciones [&hellip;]<\/p>\n","protected":false},"author":1,"featured_media":0,"parent":0,"menu_order":0,"comment_status":"closed","ping_status":"closed","template":"","meta":{"vkexunit_cta_each_option":"","footnotes":""},"class_list":["post-13","page","type-page","status-publish","hentry"],"yoast_head":"<!-- This site is optimized with the Yoast SEO plugin v27.4 - https:\/\/yoast.com\/product\/yoast-seo-wordpress\/ -->\n<title>NUESTROS SERVICIOS - Serbrip<\/title>\n<meta name=\"robots\" content=\"index, follow, max-snippet:-1, max-image-preview:large, max-video-preview:-1\" \/>\n<link rel=\"canonical\" href=\"https:\/\/serbrip.cl\/\" \/>\n<meta property=\"og:locale\" content=\"es_ES\" \/>\n<meta property=\"og:type\" content=\"article\" \/>\n<meta property=\"og:title\" content=\"NUESTROS SERVICIOS - Serbrip\" \/>\n<meta property=\"og:description\" content=\"NUESTROS SERVICIOS CONSTRUCCI\u00d3N Y MANTENIMIENTO Distribuci\u00f3n Mantenemos contrato integral con CGE en \u00e1rea de construcci\u00f3n y mantenimiento en regi\u00f3n Metropolitana, donde desarrollamos trabajos tales como refuerzos de conductor en alimentadores, construcci\u00f3n de nuevas urbanizaciones el\u00e9ctricas, Obras Civiles y El\u00e9ctricas, construcci\u00f3n de Nuevas SED\u2013 y todo lo relacionado con nuevos proyectos para CGE. Transmisi\u00f3n Realizamos Inspecciones [&hellip;]\" \/>\n<meta property=\"og:url\" content=\"https:\/\/serbrip.cl\/\" \/>\n<meta property=\"og:site_name\" content=\"Serbrip\" \/>\n<meta property=\"article:modified_time\" content=\"2026-04-07T17:02:30+00:00\" \/>\n<meta property=\"og:image\" content=\"https:\/\/serbrip.cl\/wp-content\/uploads\/2026\/04\/Foto-1-nuestros-servicios-mejorada-1.png\" \/>\n\t<meta property=\"og:image:width\" content=\"494\" \/>\n\t<meta property=\"og:image:height\" content=\"361\" \/>\n\t<meta property=\"og:image:type\" content=\"image\/png\" \/>\n<meta name=\"twitter:card\" content=\"summary_large_image\" \/>\n<meta name=\"twitter:label1\" content=\"Tiempo de lectura\" \/>\n\t<meta name=\"twitter:data1\" content=\"3 minutos\" \/>\n<script type=\"application\/ld+json\" class=\"yoast-schema-graph\">{\"@context\":\"https:\\\/\\\/schema.org\",\"@graph\":[{\"@type\":\"WebPage\",\"@id\":\"https:\\\/\\\/serbrip.cl\\\/\",\"url\":\"https:\\\/\\\/serbrip.cl\\\/\",\"name\":\"NUESTROS SERVICIOS - Serbrip\",\"isPartOf\":{\"@id\":\"https:\\\/\\\/serbrip.cl\\\/#website\"},\"primaryImageOfPage\":{\"@id\":\"https:\\\/\\\/serbrip.cl\\\/#primaryimage\"},\"image\":{\"@id\":\"https:\\\/\\\/serbrip.cl\\\/#primaryimage\"},\"thumbnailUrl\":\"https:\\\/\\\/serbrip.cl\\\/wp-content\\\/uploads\\\/2026\\\/04\\\/Foto-1-nuestros-servicios-mejorada-1.png\",\"datePublished\":\"2025-11-17T12:47:33+00:00\",\"dateModified\":\"2026-04-07T17:02:30+00:00\",\"breadcrumb\":{\"@id\":\"https:\\\/\\\/serbrip.cl\\\/#breadcrumb\"},\"inLanguage\":\"es\",\"potentialAction\":[{\"@type\":\"ReadAction\",\"target\":[\"https:\\\/\\\/serbrip.cl\\\/\"]}]},{\"@type\":\"ImageObject\",\"inLanguage\":\"es\",\"@id\":\"https:\\\/\\\/serbrip.cl\\\/#primaryimage\",\"url\":\"https:\\\/\\\/serbrip.cl\\\/wp-content\\\/uploads\\\/2026\\\/04\\\/Foto-1-nuestros-servicios-mejorada-1.png\",\"contentUrl\":\"https:\\\/\\\/serbrip.cl\\\/wp-content\\\/uploads\\\/2026\\\/04\\\/Foto-1-nuestros-servicios-mejorada-1.png\",\"width\":494,\"height\":361},{\"@type\":\"BreadcrumbList\",\"@id\":\"https:\\\/\\\/serbrip.cl\\\/#breadcrumb\",\"itemListElement\":[{\"@type\":\"ListItem\",\"position\":1,\"name\":\"Portada\",\"item\":\"https:\\\/\\\/serbrip.cl\\\/\"},{\"@type\":\"ListItem\",\"position\":2,\"name\":\"NUESTROS SERVICIOS\"}]},{\"@type\":\"WebSite\",\"@id\":\"https:\\\/\\\/serbrip.cl\\\/#website\",\"url\":\"https:\\\/\\\/serbrip.cl\\\/\",\"name\":\"Serbrip\",\"description\":\"\",\"potentialAction\":[{\"@type\":\"SearchAction\",\"target\":{\"@type\":\"EntryPoint\",\"urlTemplate\":\"https:\\\/\\\/serbrip.cl\\\/?s={search_term_string}\"},\"query-input\":{\"@type\":\"PropertyValueSpecification\",\"valueRequired\":true,\"valueName\":\"search_term_string\"}}],\"inLanguage\":\"es\"}]}<\/script>\n<!-- \/ Yoast SEO plugin. -->","yoast_head_json":{"title":"NUESTROS SERVICIOS - Serbrip","robots":{"index":"index","follow":"follow","max-snippet":"max-snippet:-1","max-image-preview":"max-image-preview:large","max-video-preview":"max-video-preview:-1"},"canonical":"https:\/\/serbrip.cl\/","og_locale":"es_ES","og_type":"article","og_title":"NUESTROS SERVICIOS - Serbrip","og_description":"NUESTROS SERVICIOS CONSTRUCCI\u00d3N Y MANTENIMIENTO Distribuci\u00f3n Mantenemos contrato integral con CGE en \u00e1rea de construcci\u00f3n y mantenimiento en regi\u00f3n Metropolitana, donde desarrollamos trabajos tales como refuerzos de conductor en alimentadores, construcci\u00f3n de nuevas urbanizaciones el\u00e9ctricas, Obras Civiles y El\u00e9ctricas, construcci\u00f3n de Nuevas SED\u2013 y todo lo relacionado con nuevos proyectos para CGE. Transmisi\u00f3n Realizamos Inspecciones [&hellip;]","og_url":"https:\/\/serbrip.cl\/","og_site_name":"Serbrip","article_modified_time":"2026-04-07T17:02:30+00:00","og_image":[{"width":494,"height":361,"url":"https:\/\/serbrip.cl\/wp-content\/uploads\/2026\/04\/Foto-1-nuestros-servicios-mejorada-1.png","type":"image\/png"}],"twitter_card":"summary_large_image","twitter_misc":{"Tiempo de lectura":"3 minutos"},"schema":{"@context":"https:\/\/schema.org","@graph":[{"@type":"WebPage","@id":"https:\/\/serbrip.cl\/","url":"https:\/\/serbrip.cl\/","name":"NUESTROS SERVICIOS - Serbrip","isPartOf":{"@id":"https:\/\/serbrip.cl\/#website"},"primaryImageOfPage":{"@id":"https:\/\/serbrip.cl\/#primaryimage"},"image":{"@id":"https:\/\/serbrip.cl\/#primaryimage"},"thumbnailUrl":"https:\/\/serbrip.cl\/wp-content\/uploads\/2026\/04\/Foto-1-nuestros-servicios-mejorada-1.png","datePublished":"2025-11-17T12:47:33+00:00","dateModified":"2026-04-07T17:02:30+00:00","breadcrumb":{"@id":"https:\/\/serbrip.cl\/#breadcrumb"},"inLanguage":"es","potentialAction":[{"@type":"ReadAction","target":["https:\/\/serbrip.cl\/"]}]},{"@type":"ImageObject","inLanguage":"es","@id":"https:\/\/serbrip.cl\/#primaryimage","url":"https:\/\/serbrip.cl\/wp-content\/uploads\/2026\/04\/Foto-1-nuestros-servicios-mejorada-1.png","contentUrl":"https:\/\/serbrip.cl\/wp-content\/uploads\/2026\/04\/Foto-1-nuestros-servicios-mejorada-1.png","width":494,"height":361},{"@type":"BreadcrumbList","@id":"https:\/\/serbrip.cl\/#breadcrumb","itemListElement":[{"@type":"ListItem","position":1,"name":"Portada","item":"https:\/\/serbrip.cl\/"},{"@type":"ListItem","position":2,"name":"NUESTROS SERVICIOS"}]},{"@type":"WebSite","@id":"https:\/\/serbrip.cl\/#website","url":"https:\/\/serbrip.cl\/","name":"Serbrip","description":"","potentialAction":[{"@type":"SearchAction","target":{"@type":"EntryPoint","urlTemplate":"https:\/\/serbrip.cl\/?s={search_term_string}"},"query-input":{"@type":"PropertyValueSpecification","valueRequired":true,"valueName":"search_term_string"}}],"inLanguage":"es"}]}},"_links":{"self":[{"href":"https:\/\/serbrip.cl\/index.php\/wp-json\/wp\/v2\/pages\/13","targetHints":{"allow":["GET"]}}],"collection":[{"href":"https:\/\/serbrip.cl\/index.php\/wp-json\/wp\/v2\/pages"}],"about":[{"href":"https:\/\/serbrip.cl\/index.php\/wp-json\/wp\/v2\/types\/page"}],"author":[{"embeddable":true,"href":"https:\/\/serbrip.cl\/index.php\/wp-json\/wp\/v2\/users\/1"}],"replies":[{"embeddable":true,"href":"https:\/\/serbrip.cl\/index.php\/wp-json\/wp\/v2\/comments?post=13"}],"version-history":[{"count":83,"href":"https:\/\/serbrip.cl\/index.php\/wp-json\/wp\/v2\/pages\/13\/revisions"}],"predecessor-version":[{"id":736,"href":"https:\/\/serbrip.cl\/index.php\/wp-json\/wp\/v2\/pages\/13\/revisions\/736"}],"wp:attachment":[{"href":"https:\/\/serbrip.cl\/index.php\/wp-json\/wp\/v2\/media?parent=13"}],"curies":[{"name":"wp","href":"https:\/\/api.w.org\/{rel}","templated":true}]}}